{"id":3689,"date":"2021-02-25T19:09:34","date_gmt":"2021-02-25T18:09:34","guid":{"rendered":"https:\/\/yvisdesign.com\/?post_type=product&#038;p=3689"},"modified":"2021-09-16T18:15:22","modified_gmt":"2021-09-16T16:15:22","slug":"oceandream-couple","status":"publish","type":"product","link":"https:\/\/yvisdesign.com\/de\/produkt\/oceandream-couple\/","title":{"rendered":"Ocean Dream Couple"},"content":{"rendered":"","protected":false},"excerpt":{"rendered":"<p class=\"p1\">Diese Anh\u00e4nger f\u00fcr Creolen bestehen aus jeweils einem 4 mm gro\u00dfen facettierten Amazonit Stein und jeweils einer 3 mm, 925er diamantierten, vergoldeten Silberkugel. Die Anh\u00e4nger k\u00f6nnen einfach entfernt und an anderen Creolen befestigt werden. Jedes Schmuckst\u00fcck wird mit dem Herzen entworfen und in liebevoller Handarbeit erstellt.<\/p>\n","protected":false},"featured_media":4672,"template":"","meta":{"_themeisle_gutenberg_block_has_review":false},"product_cat":[22,126],"product_tag":[127,58,134],"jetpack_sharing_enabled":true,"_links":{"self":[{"href":"https:\/\/yvisdesign.com\/de\/wp-json\/wp\/v2\/product\/3689"}],"collection":[{"href":"https:\/\/yvisdesign.com\/de\/wp-json\/wp\/v2\/product"}],"about":[{"href":"https:\/\/yvisdesign.com\/de\/wp-json\/wp\/v2\/types\/product"}],"wp:featuredmedia":[{"embeddable":true,"href":"https:\/\/yvisdesign.com\/de\/wp-json\/wp\/v2\/media\/4672"}],"wp:attachment":[{"href":"https:\/\/yvisdesign.com\/de\/wp-json\/wp\/v2\/media?parent=3689"}],"wp:term":[{"taxonomy":"product_cat","embeddable":true,"href":"https:\/\/yvisdesign.com\/de\/wp-json\/wp\/v2\/product_cat?post=3689"},{"taxonomy":"product_tag","embeddable":true,"href":"https:\/\/yvisdesign.com\/de\/wp-json\/wp\/v2\/product_tag?post=3689"}],"curies":[{"name":"wp","href":"https:\/\/api.w.org\/{rel}","templated":true}]}}