{"id":3699,"date":"2021-02-25T21:18:16","date_gmt":"2021-02-25T20:18:16","guid":{"rendered":"https:\/\/yvisdesign.com\/?post_type=product&#038;p=3699"},"modified":"2021-09-16T18:09:53","modified_gmt":"2021-09-16T16:09:53","slug":"hollywood-couple","status":"publish","type":"product","link":"https:\/\/yvisdesign.com\/de\/produkt\/hollywood-couple\/","title":{"rendered":"Hollywood Couple"},"content":{"rendered":"","protected":false},"excerpt":{"rendered":"<p>Diese Anh\u00e4nger f\u00fcr Creolen bestehen aus jeweils einem 4 x 6 mm gro\u00dfen facettierten Amazonit Stein und jeweils einer 3 mm diamantierten, vergoldeten 925er Silberkugel. Die Anh\u00e4nger k\u00f6nnen einfach entfernt und an anderen Creolen befestigt werden. Jedes Schmuckst\u00fcck wird mit dem Herzen entworfen und in liebevoller Handarbeit erstellt.<\/p>\n","protected":false},"featured_media":4669,"template":"","meta":{"_themeisle_gutenberg_block_has_review":false},"product_cat":[22,126],"product_tag":[127,58,134],"jetpack_sharing_enabled":true,"_links":{"self":[{"href":"https:\/\/yvisdesign.com\/de\/wp-json\/wp\/v2\/product\/3699"}],"collection":[{"href":"https:\/\/yvisdesign.com\/de\/wp-json\/wp\/v2\/product"}],"about":[{"href":"https:\/\/yvisdesign.com\/de\/wp-json\/wp\/v2\/types\/product"}],"wp:featuredmedia":[{"embeddable":true,"href":"https:\/\/yvisdesign.com\/de\/wp-json\/wp\/v2\/media\/4669"}],"wp:attachment":[{"href":"https:\/\/yvisdesign.com\/de\/wp-json\/wp\/v2\/media?parent=3699"}],"wp:term":[{"taxonomy":"product_cat","embeddable":true,"href":"https:\/\/yvisdesign.com\/de\/wp-json\/wp\/v2\/product_cat?post=3699"},{"taxonomy":"product_tag","embeddable":true,"href":"https:\/\/yvisdesign.com\/de\/wp-json\/wp\/v2\/product_tag?post=3699"}],"curies":[{"name":"wp","href":"https:\/\/api.w.org\/{rel}","templated":true}]}}