{"id":3700,"date":"2021-02-25T21:20:06","date_gmt":"2021-02-25T20:20:06","guid":{"rendered":"https:\/\/yvisdesign.com\/?post_type=product&#038;p=3700"},"modified":"2021-09-16T18:08:46","modified_gmt":"2021-09-16T16:08:46","slug":"hawaii-couple","status":"publish","type":"product","link":"https:\/\/yvisdesign.com\/de\/produkt\/hawaii-couple\/","title":{"rendered":"Hawaii Couple"},"content":{"rendered":"","protected":false},"excerpt":{"rendered":"<p>Diese jeweils drei einzelnen Anh\u00e4nger f\u00fcr Creolen bestehen aus einem Anh\u00e4nger mit jeweils drei 4 mm gro\u00dfen facettierten Lapislazuli Steinen und zwei Anh\u00e4ngern mit jeweils zwei 4 mm gro\u00dfen facettierten Lapislazuli Steinen die mit einer kleinen vergoldeten 925er Silberkugel kombiniert sind. Die Anh\u00e4nger k\u00f6nnen einfach entfernt und an anderen Creolen befestigt werden. Jedes Schmuckst\u00fcck wird mit dem Herzen entworfen und in liebevoller Handarbeit erstellt.<\/p>\n","protected":false},"featured_media":4666,"template":"","meta":{"_themeisle_gutenberg_block_has_review":false},"product_cat":[22,126],"product_tag":[127,58,134],"jetpack_sharing_enabled":true,"_links":{"self":[{"href":"https:\/\/yvisdesign.com\/de\/wp-json\/wp\/v2\/product\/3700"}],"collection":[{"href":"https:\/\/yvisdesign.com\/de\/wp-json\/wp\/v2\/product"}],"about":[{"href":"https:\/\/yvisdesign.com\/de\/wp-json\/wp\/v2\/types\/product"}],"wp:featuredmedia":[{"embeddable":true,"href":"https:\/\/yvisdesign.com\/de\/wp-json\/wp\/v2\/media\/4666"}],"wp:attachment":[{"href":"https:\/\/yvisdesign.com\/de\/wp-json\/wp\/v2\/media?parent=3700"}],"wp:term":[{"taxonomy":"product_cat","embeddable":true,"href":"https:\/\/yvisdesign.com\/de\/wp-json\/wp\/v2\/product_cat?post=3700"},{"taxonomy":"product_tag","embeddable":true,"href":"https:\/\/yvisdesign.com\/de\/wp-json\/wp\/v2\/product_tag?post=3700"}],"curies":[{"name":"wp","href":"https:\/\/api.w.org\/{rel}","templated":true}]}}