{"id":3706,"date":"2021-02-25T21:26:56","date_gmt":"2021-02-25T20:26:56","guid":{"rendered":"https:\/\/yvisdesign.com\/?post_type=product&#038;p=3706"},"modified":"2021-09-16T18:01:40","modified_gmt":"2021-09-16T16:01:40","slug":"bora-bora-couple","status":"publish","type":"product","link":"https:\/\/yvisdesign.com\/de\/produkt\/bora-bora-couple\/","title":{"rendered":"Bora Bora Couple"},"content":{"rendered":"","protected":false},"excerpt":{"rendered":"<p>Diese Creolen Anh\u00e4nger bestehen aus jeweils einer ca. 9-10 mm gro\u00dfen, petrolfarbenen S\u00fc\u00dfwasser Zuchtperle mit einer diamantierten 925er Silberkugel. Die Anh\u00e4nger k\u00f6nnen einfach entfernt und an anderen Creolen befestigt werden. Jedes Schmuckst\u00fcck wird mit dem Herzen entworfen und in liebevoller Handarbeit erstellt.<\/p>\n","protected":false},"featured_media":4662,"template":"","meta":{"_themeisle_gutenberg_block_has_review":false},"product_cat":[22,126,30],"product_tag":[127,58,209,35],"jetpack_sharing_enabled":true,"_links":{"self":[{"href":"https:\/\/yvisdesign.com\/de\/wp-json\/wp\/v2\/product\/3706"}],"collection":[{"href":"https:\/\/yvisdesign.com\/de\/wp-json\/wp\/v2\/product"}],"about":[{"href":"https:\/\/yvisdesign.com\/de\/wp-json\/wp\/v2\/types\/product"}],"wp:featuredmedia":[{"embeddable":true,"href":"https:\/\/yvisdesign.com\/de\/wp-json\/wp\/v2\/media\/4662"}],"wp:attachment":[{"href":"https:\/\/yvisdesign.com\/de\/wp-json\/wp\/v2\/media?parent=3706"}],"wp:term":[{"taxonomy":"product_cat","embeddable":true,"href":"https:\/\/yvisdesign.com\/de\/wp-json\/wp\/v2\/product_cat?post=3706"},{"taxonomy":"product_tag","embeddable":true,"href":"https:\/\/yvisdesign.com\/de\/wp-json\/wp\/v2\/product_tag?post=3706"}],"curies":[{"name":"wp","href":"https:\/\/api.w.org\/{rel}","templated":true}]}}