{"id":3709,"date":"2021-02-25T21:33:54","date_gmt":"2021-02-25T20:33:54","guid":{"rendered":"https:\/\/yvisdesign.com\/?post_type=product&#038;p=3709"},"modified":"2021-09-16T17:57:56","modified_gmt":"2021-09-16T15:57:56","slug":"loving-couple-2","status":"publish","type":"product","link":"https:\/\/yvisdesign.com\/de\/produkt\/loving-couple-2\/","title":{"rendered":"Loving Couple"},"content":{"rendered":"","protected":false},"excerpt":{"rendered":"<p>Diese Anh\u00e4nger f\u00fcr Creolen bestehen aus jeweils einem 6 mm gro\u00dfen facettierten Rosenquarz Stein mit einer diamattierten 925er Silberkugel eingearbeitet. Die Anh\u00e4nger k\u00f6nnen einfach entfernt und an anderen Creolen befestigt werden. Jedes Schmuckst\u00fcck wird mit dem Herzen entworfen und in liebevoller Handarbeit erstellt.<\/p>\n","protected":false},"featured_media":4668,"template":"","meta":{"_themeisle_gutenberg_block_has_review":false},"product_cat":[22,126],"product_tag":[127,58,35],"jetpack_sharing_enabled":true,"_links":{"self":[{"href":"https:\/\/yvisdesign.com\/de\/wp-json\/wp\/v2\/product\/3709"}],"collection":[{"href":"https:\/\/yvisdesign.com\/de\/wp-json\/wp\/v2\/product"}],"about":[{"href":"https:\/\/yvisdesign.com\/de\/wp-json\/wp\/v2\/types\/product"}],"wp:featuredmedia":[{"embeddable":true,"href":"https:\/\/yvisdesign.com\/de\/wp-json\/wp\/v2\/media\/4668"}],"wp:attachment":[{"href":"https:\/\/yvisdesign.com\/de\/wp-json\/wp\/v2\/media?parent=3709"}],"wp:term":[{"taxonomy":"product_cat","embeddable":true,"href":"https:\/\/yvisdesign.com\/de\/wp-json\/wp\/v2\/product_cat?post=3709"},{"taxonomy":"product_tag","embeddable":true,"href":"https:\/\/yvisdesign.com\/de\/wp-json\/wp\/v2\/product_tag?post=3709"}],"curies":[{"name":"wp","href":"https:\/\/api.w.org\/{rel}","templated":true}]}}