{"id":3712,"date":"2021-02-25T21:37:27","date_gmt":"2021-02-25T20:37:27","guid":{"rendered":"https:\/\/yvisdesign.com\/?post_type=product&#038;p=3712"},"modified":"2021-09-16T19:03:37","modified_gmt":"2021-09-16T17:03:37","slug":"ocean-beauty-couple","status":"publish","type":"product","link":"https:\/\/yvisdesign.com\/de\/produkt\/ocean-beauty-couple\/","title":{"rendered":"Ocean Beauty Couple"},"content":{"rendered":"","protected":false},"excerpt":{"rendered":"<p>Diese Anh\u00e4nger f\u00fcr Creolen bestehen aus jeweils einem 6 mm gro\u00dfen runden Lapislazuli Stein mit einer diamantierten 925er vergoldeten Silberkugel.\u00a0Die Anh\u00e4nger k\u00f6nnen einfach entfernt und an anderen Creolen befestigt werden.\u00a0Jedes Schmuckst\u00fcck wird mit dem Herzen entworfen und in liebevoller Handarbeit erstellt.<\/p>\n","protected":false},"featured_media":4671,"template":"","meta":{"_themeisle_gutenberg_block_has_review":false},"product_cat":[22,126],"product_tag":[127,58,134],"jetpack_sharing_enabled":true,"_links":{"self":[{"href":"https:\/\/yvisdesign.com\/de\/wp-json\/wp\/v2\/product\/3712"}],"collection":[{"href":"https:\/\/yvisdesign.com\/de\/wp-json\/wp\/v2\/product"}],"about":[{"href":"https:\/\/yvisdesign.com\/de\/wp-json\/wp\/v2\/types\/product"}],"wp:featuredmedia":[{"embeddable":true,"href":"https:\/\/yvisdesign.com\/de\/wp-json\/wp\/v2\/media\/4671"}],"wp:attachment":[{"href":"https:\/\/yvisdesign.com\/de\/wp-json\/wp\/v2\/media?parent=3712"}],"wp:term":[{"taxonomy":"product_cat","embeddable":true,"href":"https:\/\/yvisdesign.com\/de\/wp-json\/wp\/v2\/product_cat?post=3712"},{"taxonomy":"product_tag","embeddable":true,"href":"https:\/\/yvisdesign.com\/de\/wp-json\/wp\/v2\/product_tag?post=3712"}],"curies":[{"name":"wp","href":"https:\/\/api.w.org\/{rel}","templated":true}]}}