{"id":3766,"date":"2021-02-27T09:47:29","date_gmt":"2021-02-27T08:47:29","guid":{"rendered":"https:\/\/yvisdesign.com\/?post_type=product&#038;p=3766"},"modified":"2021-09-13T17:28:37","modified_gmt":"2021-09-13T15:28:37","slug":"dolphin-family","status":"publish","type":"product","link":"https:\/\/yvisdesign.com\/de\/produkt\/dolphin-family\/","title":{"rendered":"Dolphin Family"},"content":{"rendered":"","protected":false},"excerpt":{"rendered":"<p>In diese feine Silberkette wurden 3 Delphine eingearbeitet. Die Kette besteht aus 925 er Silber und die Delphine haben eine Gr\u00f6\u00dfe von ca. 16 x 8 mm. Die Delphine sind nach meinem Entwurf angefertigt worden. Jedes Schmuckst\u00fcck wird mit dem Herzen entworfen und in liebevoller Handarbeit erstellt.<\/p>\n","protected":false},"featured_media":4049,"template":"","meta":{"_themeisle_gutenberg_block_has_review":false},"product_cat":[22,142,136],"product_tag":[58,138,210,35],"jetpack_sharing_enabled":true,"_links":{"self":[{"href":"https:\/\/yvisdesign.com\/de\/wp-json\/wp\/v2\/product\/3766"}],"collection":[{"href":"https:\/\/yvisdesign.com\/de\/wp-json\/wp\/v2\/product"}],"about":[{"href":"https:\/\/yvisdesign.com\/de\/wp-json\/wp\/v2\/types\/product"}],"wp:featuredmedia":[{"embeddable":true,"href":"https:\/\/yvisdesign.com\/de\/wp-json\/wp\/v2\/media\/4049"}],"wp:attachment":[{"href":"https:\/\/yvisdesign.com\/de\/wp-json\/wp\/v2\/media?parent=3766"}],"wp:term":[{"taxonomy":"product_cat","embeddable":true,"href":"https:\/\/yvisdesign.com\/de\/wp-json\/wp\/v2\/product_cat?post=3766"},{"taxonomy":"product_tag","embeddable":true,"href":"https:\/\/yvisdesign.com\/de\/wp-json\/wp\/v2\/product_tag?post=3766"}],"curies":[{"name":"wp","href":"https:\/\/api.w.org\/{rel}","templated":true}]}}