{"id":3775,"date":"2021-02-27T10:25:51","date_gmt":"2021-02-27T09:25:51","guid":{"rendered":"https:\/\/yvisdesign.com\/?post_type=product&#038;p=3775"},"modified":"2021-09-10T08:20:16","modified_gmt":"2021-09-10T06:20:16","slug":"true-dolphin-love","status":"publish","type":"product","link":"https:\/\/yvisdesign.com\/de\/produkt\/true-dolphin-love\/","title":{"rendered":"True Dolphin Love"},"content":{"rendered":"","protected":false},"excerpt":{"rendered":"<p>In diese filigrane Silberkette wurden 2 Delphine eingearbeitet. Die Kette besteht aus 925 er Silber und die Delphine haben eine Gr\u00f6\u00dfe von ca. 16 x 8 mm. Die Delphine sind nach meinem Entwurf angefertigt worden. Jedes Schmuckst\u00fcck wird mit dem Herzen entworfen und in liebevoller Handarbeit erstellt.<\/p>\n","protected":false},"featured_media":4048,"template":"","meta":{"_themeisle_gutenberg_block_has_review":false},"product_cat":[22,142,136],"product_tag":[58,138,210,35],"jetpack_sharing_enabled":true,"_links":{"self":[{"href":"https:\/\/yvisdesign.com\/de\/wp-json\/wp\/v2\/product\/3775"}],"collection":[{"href":"https:\/\/yvisdesign.com\/de\/wp-json\/wp\/v2\/product"}],"about":[{"href":"https:\/\/yvisdesign.com\/de\/wp-json\/wp\/v2\/types\/product"}],"wp:featuredmedia":[{"embeddable":true,"href":"https:\/\/yvisdesign.com\/de\/wp-json\/wp\/v2\/media\/4048"}],"wp:attachment":[{"href":"https:\/\/yvisdesign.com\/de\/wp-json\/wp\/v2\/media?parent=3775"}],"wp:term":[{"taxonomy":"product_cat","embeddable":true,"href":"https:\/\/yvisdesign.com\/de\/wp-json\/wp\/v2\/product_cat?post=3775"},{"taxonomy":"product_tag","embeddable":true,"href":"https:\/\/yvisdesign.com\/de\/wp-json\/wp\/v2\/product_tag?post=3775"}],"curies":[{"name":"wp","href":"https:\/\/api.w.org\/{rel}","templated":true}]}}