{"id":3898,"date":"2021-09-10T07:33:31","date_gmt":"2021-09-10T05:33:31","guid":{"rendered":"https:\/\/yvisdesign.com\/?post_type=product&#038;p=3898"},"modified":"2021-09-13T23:10:15","modified_gmt":"2021-09-13T21:10:15","slug":"little-grace-kelly","status":"publish","type":"product","link":"https:\/\/yvisdesign.com\/de\/produkt\/little-grace-kelly\/","title":{"rendered":"Little Grace Kelly"},"content":{"rendered":"","protected":false},"excerpt":{"rendered":"<p>Dieser wundersch\u00f6ne Anh\u00e4nger besteht aus einer ca. 8 mm gro\u00dfen und einer ca. 5-6 mm gro\u00dfen ros\u00e9 farbigen S\u00fc\u00dfwasser Zuchtperle. Zwischen den beiden Perlen ist eine 3 mm gro\u00dfe diamattierte vergoldete 925er Silberkugel angebracht. Jedes Schmuckst\u00fcck wird mit dem Herzen entworfen und in liebevoller Handarbeit erstellt.<\/p>\n<p>&nbsp;<\/p>\n","protected":false},"featured_media":4705,"template":"","meta":{"_themeisle_gutenberg_block_has_review":false},"product_cat":[22,29,30],"product_tag":[42,58,41,209,134],"jetpack_sharing_enabled":true,"_links":{"self":[{"href":"https:\/\/yvisdesign.com\/de\/wp-json\/wp\/v2\/product\/3898"}],"collection":[{"href":"https:\/\/yvisdesign.com\/de\/wp-json\/wp\/v2\/product"}],"about":[{"href":"https:\/\/yvisdesign.com\/de\/wp-json\/wp\/v2\/types\/product"}],"wp:featuredmedia":[{"embeddable":true,"href":"https:\/\/yvisdesign.com\/de\/wp-json\/wp\/v2\/media\/4705"}],"wp:attachment":[{"href":"https:\/\/yvisdesign.com\/de\/wp-json\/wp\/v2\/media?parent=3898"}],"wp:term":[{"taxonomy":"product_cat","embeddable":true,"href":"https:\/\/yvisdesign.com\/de\/wp-json\/wp\/v2\/product_cat?post=3898"},{"taxonomy":"product_tag","embeddable":true,"href":"https:\/\/yvisdesign.com\/de\/wp-json\/wp\/v2\/product_tag?post=3898"}],"curies":[{"name":"wp","href":"https:\/\/api.w.org\/{rel}","templated":true}]}}