{"id":3901,"date":"2021-09-10T11:04:27","date_gmt":"2021-09-10T09:04:27","guid":{"rendered":"https:\/\/yvisdesign.com\/?post_type=product&#038;p=3901"},"modified":"2021-10-05T12:23:44","modified_gmt":"2021-10-05T10:23:44","slug":"grace-kelly","status":"publish","type":"product","link":"https:\/\/yvisdesign.com\/de\/produkt\/grace-kelly\/","title":{"rendered":"Grace Kelly"},"content":{"rendered":"","protected":false},"excerpt":{"rendered":"<p>Das Armband besteht aus 5-6 mm ros\u00e9-farbigen S\u00fc\u00dfwasser Zuchtperlen und in regelm\u00e4\u00dfigen Abst\u00e4nden sind 3 mm gro\u00dfe diamattierte, vergoldete 925er Silberkugeln eingearbeitet. Das Armband ist auf einem Band gef\u00e4delt, welches aus 49 feinsten Stahlf\u00e4den besteht, die mit Nylon \u00fcberzogen sind. Dies gew\u00e4hrt eine sehr hohe Strapazierf\u00e4higkeit und somit Rei\u00dffestigkeit. Den Abschluss bildet ein vergoldeter Karabiner Verschluss. Jedes Schmuckst\u00fcck wird mit dem Herzen entworfen und in liebevoller Handarbeit erstellt.<\/p>\n","protected":false},"featured_media":4845,"template":"","meta":{"_themeisle_gutenberg_block_has_review":false},"product_cat":[22,30],"product_tag":[33,58,41,209,134],"jetpack_sharing_enabled":true,"_links":{"self":[{"href":"https:\/\/yvisdesign.com\/de\/wp-json\/wp\/v2\/product\/3901"}],"collection":[{"href":"https:\/\/yvisdesign.com\/de\/wp-json\/wp\/v2\/product"}],"about":[{"href":"https:\/\/yvisdesign.com\/de\/wp-json\/wp\/v2\/types\/product"}],"wp:featuredmedia":[{"embeddable":true,"href":"https:\/\/yvisdesign.com\/de\/wp-json\/wp\/v2\/media\/4845"}],"wp:attachment":[{"href":"https:\/\/yvisdesign.com\/de\/wp-json\/wp\/v2\/media?parent=3901"}],"wp:term":[{"taxonomy":"product_cat","embeddable":true,"href":"https:\/\/yvisdesign.com\/de\/wp-json\/wp\/v2\/product_cat?post=3901"},{"taxonomy":"product_tag","embeddable":true,"href":"https:\/\/yvisdesign.com\/de\/wp-json\/wp\/v2\/product_tag?post=3901"}],"curies":[{"name":"wp","href":"https:\/\/api.w.org\/{rel}","templated":true}]}}