{"id":3905,"date":"2021-03-06T11:36:00","date_gmt":"2021-03-06T10:36:00","guid":{"rendered":"https:\/\/yvisdesign.com\/?post_type=product&#038;p=3905"},"modified":"2021-11-18T10:09:39","modified_gmt":"2021-11-18T09:09:39","slug":"grace-kelly-couple","status":"publish","type":"product","link":"https:\/\/yvisdesign.com\/de\/produkt\/grace-kelly-couple\/","title":{"rendered":"Grace Kelly Couple"},"content":{"rendered":"","protected":false},"excerpt":{"rendered":"<p>Diese Creolen Anh\u00e4nger bestehen aus jeweils einer ca. 8 mm gro\u00dfen, runden S\u00fc\u00dfwasser Zuchtperle und je zwei ca. \u00a05-6 mm gro\u00dfen runden, zart ros\u00e9 farbigen S\u00fc\u00dfwasser Zuchtperle. Die Anh\u00e4nger k\u00f6nnen einfach entfernt und an anderen Creolen befestigt werden. Jedes Schmuckst\u00fcck wird mit dem Herzen entworfen und in liebevoller Handarbeit erstellt.<\/p>\n","protected":false},"featured_media":4665,"template":"","meta":{"_themeisle_gutenberg_block_has_review":false},"product_cat":[22,126,30],"product_tag":[127,58,209,134],"jetpack_sharing_enabled":true,"_links":{"self":[{"href":"https:\/\/yvisdesign.com\/de\/wp-json\/wp\/v2\/product\/3905"}],"collection":[{"href":"https:\/\/yvisdesign.com\/de\/wp-json\/wp\/v2\/product"}],"about":[{"href":"https:\/\/yvisdesign.com\/de\/wp-json\/wp\/v2\/types\/product"}],"wp:featuredmedia":[{"embeddable":true,"href":"https:\/\/yvisdesign.com\/de\/wp-json\/wp\/v2\/media\/4665"}],"wp:attachment":[{"href":"https:\/\/yvisdesign.com\/de\/wp-json\/wp\/v2\/media?parent=3905"}],"wp:term":[{"taxonomy":"product_cat","embeddable":true,"href":"https:\/\/yvisdesign.com\/de\/wp-json\/wp\/v2\/product_cat?post=3905"},{"taxonomy":"product_tag","embeddable":true,"href":"https:\/\/yvisdesign.com\/de\/wp-json\/wp\/v2\/product_tag?post=3905"}],"curies":[{"name":"wp","href":"https:\/\/api.w.org\/{rel}","templated":true}]}}