{"id":4052,"date":"2021-04-14T19:14:45","date_gmt":"2021-04-14T17:14:45","guid":{"rendered":"https:\/\/yvisdesign.com\/?post_type=product&#038;p=4052"},"modified":"2021-09-13T17:27:26","modified_gmt":"2021-09-13T15:27:26","slug":"gold-platet-dolphin-family","status":"publish","type":"product","link":"https:\/\/yvisdesign.com\/de\/produkt\/gold-platet-dolphin-family\/","title":{"rendered":"Dolphin Family gold-plated"},"content":{"rendered":"","protected":false},"excerpt":{"rendered":"<p>In diese filigrane Kette wurden 3 Delphine eingearbeitet. Die Kette besteht aus vergoldetem 925er Silber und die Delphine haben eine Gr\u00f6\u00dfe von ca. 16 x 8 mm. Sie sind nach meinem Entwurf angefertigt worden. Jedes Schmuckst\u00fcck wird mit dem Herzen entworfen und in liebevoller Handarbeit erstellt.<\/p>\n","protected":false},"featured_media":4050,"template":"","meta":{"_themeisle_gutenberg_block_has_review":false},"product_cat":[22,142,136],"product_tag":[58,138,210,134],"jetpack_sharing_enabled":true,"_links":{"self":[{"href":"https:\/\/yvisdesign.com\/de\/wp-json\/wp\/v2\/product\/4052"}],"collection":[{"href":"https:\/\/yvisdesign.com\/de\/wp-json\/wp\/v2\/product"}],"about":[{"href":"https:\/\/yvisdesign.com\/de\/wp-json\/wp\/v2\/types\/product"}],"wp:featuredmedia":[{"embeddable":true,"href":"https:\/\/yvisdesign.com\/de\/wp-json\/wp\/v2\/media\/4050"}],"wp:attachment":[{"href":"https:\/\/yvisdesign.com\/de\/wp-json\/wp\/v2\/media?parent=4052"}],"wp:term":[{"taxonomy":"product_cat","embeddable":true,"href":"https:\/\/yvisdesign.com\/de\/wp-json\/wp\/v2\/product_cat?post=4052"},{"taxonomy":"product_tag","embeddable":true,"href":"https:\/\/yvisdesign.com\/de\/wp-json\/wp\/v2\/product_tag?post=4052"}],"curies":[{"name":"wp","href":"https:\/\/api.w.org\/{rel}","templated":true}]}}