{"id":4091,"date":"2021-05-16T08:28:49","date_gmt":"2021-05-16T06:28:49","guid":{"rendered":"https:\/\/yvisdesign.com\/?post_type=product&#038;p=4091"},"modified":"2025-11-08T17:24:41","modified_gmt":"2025-11-08T16:24:41","slug":"heartbeat-gold-plated","status":"publish","type":"product","link":"https:\/\/yvisdesign.com\/de\/produkt\/heartbeat-gold-plated\/","title":{"rendered":"Heartbeat gold-plated"},"content":{"rendered":"","protected":false},"excerpt":{"rendered":"<p>Dieser Ring mit seiner wundersch\u00f6nen Herzform besteht aus vergoldetem 925er Silber und wurde mit viel Liebe zum Detail entworfen. Es besteht die M\u00f6glichkeit Edelsteine individuell einsetzten zu lassen. Der Ring ist eine Eigenkreation. Jedes Schmuckst\u00fcck wird mit dem Herzen entworfen und in liebevoller Handarbeit erstellt.<\/p>\n","protected":false},"featured_media":4703,"template":"","meta":{"_themeisle_gutenberg_block_has_review":false},"product_cat":[22,62],"product_tag":[58,151],"jetpack_sharing_enabled":true,"_links":{"self":[{"href":"https:\/\/yvisdesign.com\/de\/wp-json\/wp\/v2\/product\/4091"}],"collection":[{"href":"https:\/\/yvisdesign.com\/de\/wp-json\/wp\/v2\/product"}],"about":[{"href":"https:\/\/yvisdesign.com\/de\/wp-json\/wp\/v2\/types\/product"}],"wp:featuredmedia":[{"embeddable":true,"href":"https:\/\/yvisdesign.com\/de\/wp-json\/wp\/v2\/media\/4703"}],"wp:attachment":[{"href":"https:\/\/yvisdesign.com\/de\/wp-json\/wp\/v2\/media?parent=4091"}],"wp:term":[{"taxonomy":"product_cat","embeddable":true,"href":"https:\/\/yvisdesign.com\/de\/wp-json\/wp\/v2\/product_cat?post=4091"},{"taxonomy":"product_tag","embeddable":true,"href":"https:\/\/yvisdesign.com\/de\/wp-json\/wp\/v2\/product_tag?post=4091"}],"curies":[{"name":"wp","href":"https:\/\/api.w.org\/{rel}","templated":true}]}}