{"id":4194,"date":"2021-07-29T13:19:23","date_gmt":"2021-07-29T11:19:23","guid":{"rendered":"https:\/\/yvisdesign.com\/?post_type=product&#038;p=4194"},"modified":"2021-09-10T15:18:21","modified_gmt":"2021-09-10T13:18:21","slug":"living-force","status":"publish","type":"product","link":"https:\/\/yvisdesign.com\/de\/produkt\/living-force\/","title":{"rendered":"Living force"},"content":{"rendered":"","protected":false},"excerpt":{"rendered":"<p>Dieser Anh\u00e4nger ist ein Lebensbaum mit aneinanderverkn\u00fcpften Herzen, der in jede Kette einfach eingef\u00e4delt werden kann. Er besteht aus 925er Silber und hat einen Durchmesser von 17 mm. Dieser Lebensbaum ist eine Eigenkreation. Jedes Schmuckst\u00fcck wird mit dem Herzen entworfen und in liebevoller Handarbeit erstellt.<\/p>\n","protected":false},"featured_media":4193,"template":"","meta":{"_themeisle_gutenberg_block_has_review":false},"product_cat":[22,29],"product_tag":[42,58,41,35],"jetpack_sharing_enabled":true,"_links":{"self":[{"href":"https:\/\/yvisdesign.com\/de\/wp-json\/wp\/v2\/product\/4194"}],"collection":[{"href":"https:\/\/yvisdesign.com\/de\/wp-json\/wp\/v2\/product"}],"about":[{"href":"https:\/\/yvisdesign.com\/de\/wp-json\/wp\/v2\/types\/product"}],"wp:featuredmedia":[{"embeddable":true,"href":"https:\/\/yvisdesign.com\/de\/wp-json\/wp\/v2\/media\/4193"}],"wp:attachment":[{"href":"https:\/\/yvisdesign.com\/de\/wp-json\/wp\/v2\/media?parent=4194"}],"wp:term":[{"taxonomy":"product_cat","embeddable":true,"href":"https:\/\/yvisdesign.com\/de\/wp-json\/wp\/v2\/product_cat?post=4194"},{"taxonomy":"product_tag","embeddable":true,"href":"https:\/\/yvisdesign.com\/de\/wp-json\/wp\/v2\/product_tag?post=4194"}],"curies":[{"name":"wp","href":"https:\/\/api.w.org\/{rel}","templated":true}]}}