{"id":4592,"date":"2021-08-26T23:33:33","date_gmt":"2021-08-26T21:33:33","guid":{"rendered":"https:\/\/yvisdesign.com\/?post_type=product&#038;p=4592"},"modified":"2025-11-09T23:45:06","modified_gmt":"2025-11-09T22:45:06","slug":"holy-soul-2","status":"publish","type":"product","link":"https:\/\/yvisdesign.com\/de\/produkt\/holy-soul-2\/","title":{"rendered":"Holy Soul"},"content":{"rendered":"","protected":false},"excerpt":{"rendered":"<p>Dieses wundersch\u00f6ne Armband besteht aus 8 mm gro\u00dfen, runden polierten Lava und Rudraksha Kugeln, die auf einem 0,7 mm dicken, elastischen Band gef\u00e4delt sind. Es ist ein \u00a0OM-Zeichen aus 925er Silber eingearbeitet. Jedes Schmuckst\u00fcck wird mit dem Herzen entworfen und in liebevoller Handarbeit erstellt.<\/p>\n","protected":false},"featured_media":4833,"template":"","meta":{"_themeisle_gutenberg_block_has_review":false},"product_cat":[21,32],"product_tag":[46,56],"jetpack_sharing_enabled":true,"_links":{"self":[{"href":"https:\/\/yvisdesign.com\/de\/wp-json\/wp\/v2\/product\/4592"}],"collection":[{"href":"https:\/\/yvisdesign.com\/de\/wp-json\/wp\/v2\/product"}],"about":[{"href":"https:\/\/yvisdesign.com\/de\/wp-json\/wp\/v2\/types\/product"}],"wp:featuredmedia":[{"embeddable":true,"href":"https:\/\/yvisdesign.com\/de\/wp-json\/wp\/v2\/media\/4833"}],"wp:attachment":[{"href":"https:\/\/yvisdesign.com\/de\/wp-json\/wp\/v2\/media?parent=4592"}],"wp:term":[{"taxonomy":"product_cat","embeddable":true,"href":"https:\/\/yvisdesign.com\/de\/wp-json\/wp\/v2\/product_cat?post=4592"},{"taxonomy":"product_tag","embeddable":true,"href":"https:\/\/yvisdesign.com\/de\/wp-json\/wp\/v2\/product_tag?post=4592"}],"curies":[{"name":"wp","href":"https:\/\/api.w.org\/{rel}","templated":true}]}}