{"id":4612,"date":"2021-08-30T19:52:44","date_gmt":"2021-08-30T17:52:44","guid":{"rendered":"https:\/\/yvisdesign.com\/?post_type=product&#038;p=4612"},"modified":"2022-05-26T14:30:23","modified_gmt":"2022-05-26T12:30:23","slug":"holy-soul-3","status":"publish","type":"product","link":"https:\/\/yvisdesign.com\/de\/produkt\/holy-soul-3\/","title":{"rendered":"Holy Soul"},"content":{"rendered":"","protected":false},"excerpt":{"rendered":"<p>Dieses wundersch\u00f6ne Collier ist ca. 42 cm lang und besteht aus 6 mm gro\u00dfen, runden polierten Lava und Rudraksha Kugeln. In der Mitte der Kette befindet sich ein 12 mm gro\u00dfes OM-Zeichen aus 925er Silber. Die Elemente sind auf einem Band gef\u00e4delt, welches aus 49 feinsten Stahlf\u00e4den besteht, die mit Nylon \u00fcberzogen sind. Dies gew\u00e4hrt eine sehr hohe Strapazierf\u00e4higkeit und somit Rei\u00dffestigkeit. Den Abschluss bildet ein silberner Karabiner-Verschluss. Jedes Schmuckst\u00fcck wird mit dem Herzen entworfen und in liebevoller Handarbeit erstellt.<\/p>\n","protected":false},"featured_media":4607,"template":"","meta":{"_themeisle_gutenberg_block_has_review":false},"product_cat":[22,142,26],"product_tag":[58,41,44,35],"jetpack_sharing_enabled":true,"_links":{"self":[{"href":"https:\/\/yvisdesign.com\/de\/wp-json\/wp\/v2\/product\/4612"}],"collection":[{"href":"https:\/\/yvisdesign.com\/de\/wp-json\/wp\/v2\/product"}],"about":[{"href":"https:\/\/yvisdesign.com\/de\/wp-json\/wp\/v2\/types\/product"}],"wp:featuredmedia":[{"embeddable":true,"href":"https:\/\/yvisdesign.com\/de\/wp-json\/wp\/v2\/media\/4607"}],"wp:attachment":[{"href":"https:\/\/yvisdesign.com\/de\/wp-json\/wp\/v2\/media?parent=4612"}],"wp:term":[{"taxonomy":"product_cat","embeddable":true,"href":"https:\/\/yvisdesign.com\/de\/wp-json\/wp\/v2\/product_cat?post=4612"},{"taxonomy":"product_tag","embeddable":true,"href":"https:\/\/yvisdesign.com\/de\/wp-json\/wp\/v2\/product_tag?post=4612"}],"curies":[{"name":"wp","href":"https:\/\/api.w.org\/{rel}","templated":true}]}}