{"id":4709,"date":"2021-09-13T17:45:54","date_gmt":"2021-09-13T15:45:54","guid":{"rendered":"https:\/\/yvisdesign.com\/?post_type=product&#038;p=4709"},"modified":"2021-09-13T17:45:55","modified_gmt":"2021-09-13T15:45:55","slug":"angel-rose-gold-plated","status":"publish","type":"product","link":"https:\/\/yvisdesign.com\/de\/produkt\/angel-rose-gold-plated\/","title":{"rendered":"Angel Ros\u00e9 gold-plated"},"content":{"rendered":"","protected":false},"excerpt":{"rendered":"<p>Dieser Anh\u00e4nger hat die Form eines Engels, der in jede Kette einfach eingef\u00e4delt werden kann. Er besteht aus ros\u00e9 vergoldetem 925er Silber und hat eine Gr\u00f6\u00dfe von 18 x 15 mm. Dieser Engel ist eine Eigenkreation. Jedes Schmuckst\u00fcck wird mit dem Herzen entworfen und in liebevoller Handarbeit erstellt.<\/p>\n","protected":false},"featured_media":4706,"template":"","meta":{"_themeisle_gutenberg_block_has_review":false},"product_cat":[22,29],"product_tag":[42,58,41,208],"jetpack_sharing_enabled":true,"_links":{"self":[{"href":"https:\/\/yvisdesign.com\/de\/wp-json\/wp\/v2\/product\/4709"}],"collection":[{"href":"https:\/\/yvisdesign.com\/de\/wp-json\/wp\/v2\/product"}],"about":[{"href":"https:\/\/yvisdesign.com\/de\/wp-json\/wp\/v2\/types\/product"}],"wp:featuredmedia":[{"embeddable":true,"href":"https:\/\/yvisdesign.com\/de\/wp-json\/wp\/v2\/media\/4706"}],"wp:attachment":[{"href":"https:\/\/yvisdesign.com\/de\/wp-json\/wp\/v2\/media?parent=4709"}],"wp:term":[{"taxonomy":"product_cat","embeddable":true,"href":"https:\/\/yvisdesign.com\/de\/wp-json\/wp\/v2\/product_cat?post=4709"},{"taxonomy":"product_tag","embeddable":true,"href":"https:\/\/yvisdesign.com\/de\/wp-json\/wp\/v2\/product_tag?post=4709"}],"curies":[{"name":"wp","href":"https:\/\/api.w.org\/{rel}","templated":true}]}}