{"id":4712,"date":"2021-09-30T20:38:10","date_gmt":"2021-09-30T18:38:10","guid":{"rendered":"https:\/\/yvisdesign.com\/?post_type=product&#038;p=4712"},"modified":"2021-09-30T20:38:11","modified_gmt":"2021-09-30T18:38:11","slug":"love-rose-gold-plated","status":"publish","type":"product","link":"https:\/\/yvisdesign.com\/de\/produkt\/love-rose-gold-plated\/","title":{"rendered":"Love ros\u00e9 gold-plated"},"content":{"rendered":"","protected":false},"excerpt":{"rendered":"<p>Dieser Anh\u00e4nger hat die Form eines Herzens , der in jede Kette einfach eingef\u00e4delt werden kann. Er besteht aus 925er ros\u00e9 vergoldetem Silber und hat eine Gr\u00f6\u00dfe von\u00a015\u00a0x 15 mm. Dieses Herz ist eine Eigenkreation. Jedes Schmuckst\u00fcck wird mit dem Herzen entworfen und in liebevoller Handarbeit erstellt.<\/p>\n","protected":false},"featured_media":4826,"template":"","meta":{"_themeisle_gutenberg_block_has_review":false},"product_cat":[22,29],"product_tag":[42,58,41,208],"jetpack_sharing_enabled":true,"_links":{"self":[{"href":"https:\/\/yvisdesign.com\/de\/wp-json\/wp\/v2\/product\/4712"}],"collection":[{"href":"https:\/\/yvisdesign.com\/de\/wp-json\/wp\/v2\/product"}],"about":[{"href":"https:\/\/yvisdesign.com\/de\/wp-json\/wp\/v2\/types\/product"}],"wp:featuredmedia":[{"embeddable":true,"href":"https:\/\/yvisdesign.com\/de\/wp-json\/wp\/v2\/media\/4826"}],"wp:attachment":[{"href":"https:\/\/yvisdesign.com\/de\/wp-json\/wp\/v2\/media?parent=4712"}],"wp:term":[{"taxonomy":"product_cat","embeddable":true,"href":"https:\/\/yvisdesign.com\/de\/wp-json\/wp\/v2\/product_cat?post=4712"},{"taxonomy":"product_tag","embeddable":true,"href":"https:\/\/yvisdesign.com\/de\/wp-json\/wp\/v2\/product_tag?post=4712"}],"curies":[{"name":"wp","href":"https:\/\/api.w.org\/{rel}","templated":true}]}}