{"id":4788,"date":"2021-09-25T15:00:17","date_gmt":"2021-09-25T13:00:17","guid":{"rendered":"https:\/\/yvisdesign.com\/?post_type=product&#038;p=4788"},"modified":"2025-11-08T16:09:09","modified_gmt":"2025-11-08T15:09:09","slug":"lightness","status":"publish","type":"product","link":"https:\/\/yvisdesign.com\/de\/produkt\/lightness\/","title":{"rendered":"Lightness"},"content":{"rendered":"","protected":false},"excerpt":{"rendered":"<p>Dieses wundersch\u00f6ne Armband besteht aus 6 mm gro\u00dfen, Aquamarin Kugeln, die auf einem 0,7 mm dicken, elastischen Band gef\u00e4delt sind. Es ist ein aus 925er Silber, vergoldeter Schmetterling eingearbeitet. Dieser hat eine Gr\u00f6\u00dfe von 17 x 12 mm und ist eine Eigenkreation. Jedes Schmuckst\u00fcck wird mit dem Herzen entworfen und in liebevoller Handarbeit erstellt.<\/p>\n","protected":false},"featured_media":4811,"template":"","meta":{"_themeisle_gutenberg_block_has_review":false},"product_cat":[22,205,206],"product_tag":[33,34,58,134],"jetpack_sharing_enabled":true,"_links":{"self":[{"href":"https:\/\/yvisdesign.com\/de\/wp-json\/wp\/v2\/product\/4788"}],"collection":[{"href":"https:\/\/yvisdesign.com\/de\/wp-json\/wp\/v2\/product"}],"about":[{"href":"https:\/\/yvisdesign.com\/de\/wp-json\/wp\/v2\/types\/product"}],"wp:featuredmedia":[{"embeddable":true,"href":"https:\/\/yvisdesign.com\/de\/wp-json\/wp\/v2\/media\/4811"}],"wp:attachment":[{"href":"https:\/\/yvisdesign.com\/de\/wp-json\/wp\/v2\/media?parent=4788"}],"wp:term":[{"taxonomy":"product_cat","embeddable":true,"href":"https:\/\/yvisdesign.com\/de\/wp-json\/wp\/v2\/product_cat?post=4788"},{"taxonomy":"product_tag","embeddable":true,"href":"https:\/\/yvisdesign.com\/de\/wp-json\/wp\/v2\/product_tag?post=4788"}],"curies":[{"name":"wp","href":"https:\/\/api.w.org\/{rel}","templated":true}]}}