{"id":4798,"date":"2021-09-26T18:52:28","date_gmt":"2021-09-26T16:52:28","guid":{"rendered":"https:\/\/yvisdesign.com\/?post_type=product&#038;p=4798"},"modified":"2025-11-09T23:44:14","modified_gmt":"2025-11-09T22:44:14","slug":"growth","status":"publish","type":"product","link":"https:\/\/yvisdesign.com\/de\/produkt\/growth\/","title":{"rendered":"Growth"},"content":{"rendered":"","protected":false},"excerpt":{"rendered":"<p>Dieses wundersch\u00f6ne Armband besteht aus 8 mm gro\u00dfen, runden Schneeflockenobsidian, Rosenquarz und Lapislazuli Kugeln, die auf einem 0,7 mm dicken, elastischen Band gef\u00e4delt sind. Den Abschluss bildet eine 4 mm gro\u00dfe Silberkugel. Jedes Schmuckst\u00fcck wird mit dem Herzen entworfen und in liebevoller Handarbeit erstellt.<\/p>\n","protected":false},"featured_media":4823,"template":"","meta":{"_themeisle_gutenberg_block_has_review":false},"product_cat":[21,32],"product_tag":[33,46,56,35],"jetpack_sharing_enabled":true,"_links":{"self":[{"href":"https:\/\/yvisdesign.com\/de\/wp-json\/wp\/v2\/product\/4798"}],"collection":[{"href":"https:\/\/yvisdesign.com\/de\/wp-json\/wp\/v2\/product"}],"about":[{"href":"https:\/\/yvisdesign.com\/de\/wp-json\/wp\/v2\/types\/product"}],"wp:featuredmedia":[{"embeddable":true,"href":"https:\/\/yvisdesign.com\/de\/wp-json\/wp\/v2\/media\/4823"}],"wp:attachment":[{"href":"https:\/\/yvisdesign.com\/de\/wp-json\/wp\/v2\/media?parent=4798"}],"wp:term":[{"taxonomy":"product_cat","embeddable":true,"href":"https:\/\/yvisdesign.com\/de\/wp-json\/wp\/v2\/product_cat?post=4798"},{"taxonomy":"product_tag","embeddable":true,"href":"https:\/\/yvisdesign.com\/de\/wp-json\/wp\/v2\/product_tag?post=4798"}],"curies":[{"name":"wp","href":"https:\/\/api.w.org\/{rel}","templated":true}]}}