{"id":4847,"date":"2021-10-05T19:16:45","date_gmt":"2021-10-05T17:16:45","guid":{"rendered":"https:\/\/yvisdesign.com\/?post_type=product&#038;p=4847"},"modified":"2025-11-08T10:59:39","modified_gmt":"2025-11-08T09:59:39","slug":"angle-whisper","status":"publish","type":"product","link":"https:\/\/yvisdesign.com\/de\/produkt\/angle-whisper\/","title":{"rendered":"Little Angle Whisper"},"content":{"rendered":"","protected":false},"excerpt":{"rendered":"<p>Dieses wundersch\u00f6ne Armband besteht aus 4 mm gro\u00dfen, facettierten Opal Steinen, die auf einem 0,7 mm dicken, elastischen Band gef\u00e4delt sind. Es ist ein Engelsfl\u00fcgel eingearbeitet. Dieser ist 15 mm gro\u00df und besteht aus vergoldetem 925er Silber. Jedes Schmuckst\u00fcck wird mit dem Herzen entworfen und in liebevoller Handarbeit erstellt.<\/p>\n","protected":false},"featured_media":4843,"template":"","meta":{"_themeisle_gutenberg_block_has_review":false},"product_cat":[22,205,206],"product_tag":[33,34,58,134],"jetpack_sharing_enabled":true,"_links":{"self":[{"href":"https:\/\/yvisdesign.com\/de\/wp-json\/wp\/v2\/product\/4847"}],"collection":[{"href":"https:\/\/yvisdesign.com\/de\/wp-json\/wp\/v2\/product"}],"about":[{"href":"https:\/\/yvisdesign.com\/de\/wp-json\/wp\/v2\/types\/product"}],"wp:featuredmedia":[{"embeddable":true,"href":"https:\/\/yvisdesign.com\/de\/wp-json\/wp\/v2\/media\/4843"}],"wp:attachment":[{"href":"https:\/\/yvisdesign.com\/de\/wp-json\/wp\/v2\/media?parent=4847"}],"wp:term":[{"taxonomy":"product_cat","embeddable":true,"href":"https:\/\/yvisdesign.com\/de\/wp-json\/wp\/v2\/product_cat?post=4847"},{"taxonomy":"product_tag","embeddable":true,"href":"https:\/\/yvisdesign.com\/de\/wp-json\/wp\/v2\/product_tag?post=4847"}],"curies":[{"name":"wp","href":"https:\/\/api.w.org\/{rel}","templated":true}]}}