{"id":4853,"date":"2021-10-05T19:15:48","date_gmt":"2021-10-05T17:15:48","guid":{"rendered":"https:\/\/yvisdesign.com\/?post_type=product&#038;p=4853"},"modified":"2021-10-05T19:15:49","modified_gmt":"2021-10-05T17:15:49","slug":"angel-whisper-couple","status":"publish","type":"product","link":"https:\/\/yvisdesign.com\/de\/produkt\/angel-whisper-couple\/","title":{"rendered":"Angel Whisper Couple"},"content":{"rendered":"<hr \/>\n<p>&nbsp;<\/p>\n","protected":false},"excerpt":{"rendered":"<p>Diese Anh\u00e4nger f\u00fcr Creolen bestehen aus jeweils einem 4 mm gro\u00dfen, facettiertem Opal Stein und jeweils einem 15 mm gro\u00dfen, eingearbeitetem Engelsfl\u00fcgel aus vergoldetem 925er Silber. Die Anh\u00e4nger k\u00f6nnen einfach entfernt und an anderen Creolen befestigt werden. Jedes Schmuckst\u00fcck ist mit dem Herzen entworfen und in liebevoller Handarbeit erstellt.<span class=\"Apple-converted-space\">\u00a0<\/span><\/p>\n","protected":false},"featured_media":4855,"template":"","meta":{"_themeisle_gutenberg_block_has_review":false},"product_cat":[22,126],"product_tag":[127,58,134],"jetpack_sharing_enabled":true,"_links":{"self":[{"href":"https:\/\/yvisdesign.com\/de\/wp-json\/wp\/v2\/product\/4853"}],"collection":[{"href":"https:\/\/yvisdesign.com\/de\/wp-json\/wp\/v2\/product"}],"about":[{"href":"https:\/\/yvisdesign.com\/de\/wp-json\/wp\/v2\/types\/product"}],"wp:featuredmedia":[{"embeddable":true,"href":"https:\/\/yvisdesign.com\/de\/wp-json\/wp\/v2\/media\/4855"}],"wp:attachment":[{"href":"https:\/\/yvisdesign.com\/de\/wp-json\/wp\/v2\/media?parent=4853"}],"wp:term":[{"taxonomy":"product_cat","embeddable":true,"href":"https:\/\/yvisdesign.com\/de\/wp-json\/wp\/v2\/product_cat?post=4853"},{"taxonomy":"product_tag","embeddable":true,"href":"https:\/\/yvisdesign.com\/de\/wp-json\/wp\/v2\/product_tag?post=4853"}],"curies":[{"name":"wp","href":"https:\/\/api.w.org\/{rel}","templated":true}]}}