{"id":4993,"date":"2021-10-10T21:27:46","date_gmt":"2021-10-10T19:27:46","guid":{"rendered":"https:\/\/yvisdesign.com\/?post_type=product&#038;p=4993"},"modified":"2022-03-11T15:22:45","modified_gmt":"2022-03-11T14:22:45","slug":"communication","status":"publish","type":"product","link":"https:\/\/yvisdesign.com\/de\/produkt\/communication\/","title":{"rendered":"Communication"},"content":{"rendered":"","protected":false},"excerpt":{"rendered":"<p>Diese wundersch\u00f6ne Halskette ist ca. 60 cm lang und besteht aus 3 mm gro\u00dfen, facettierten T\u00fcrkis Steinen. In der Mitte der Kette befindet sich ein vergoldeter 925er Silber Schmetterling. Dieser hat ein Ma\u00df von 12&#215;18 mm und ist eine Eigenkreation. Die Elemente sind auf einem Band gef\u00e4delt, welches aus 49 feinsten Stahlf\u00e4den besteht, die mit Nylon \u00fcberzogen sind. Dies gew\u00e4hrt eine sehr hohe Strapazierf\u00e4higkeit und somit Rei\u00dffestigkeit. Den Abschluss bildet ein vergoldeter Karabiner-Verschluss. Jedes Schmuckst\u00fcck wird mit dem Herzen entworfen und in liebevoller Handarbeit erstellt.<\/p>\n","protected":false},"featured_media":4991,"template":"","meta":{"_themeisle_gutenberg_block_has_review":false},"product_cat":[22,142,45],"product_tag":[58,41,44,134],"jetpack_sharing_enabled":true,"_links":{"self":[{"href":"https:\/\/yvisdesign.com\/de\/wp-json\/wp\/v2\/product\/4993"}],"collection":[{"href":"https:\/\/yvisdesign.com\/de\/wp-json\/wp\/v2\/product"}],"about":[{"href":"https:\/\/yvisdesign.com\/de\/wp-json\/wp\/v2\/types\/product"}],"wp:featuredmedia":[{"embeddable":true,"href":"https:\/\/yvisdesign.com\/de\/wp-json\/wp\/v2\/media\/4991"}],"wp:attachment":[{"href":"https:\/\/yvisdesign.com\/de\/wp-json\/wp\/v2\/media?parent=4993"}],"wp:term":[{"taxonomy":"product_cat","embeddable":true,"href":"https:\/\/yvisdesign.com\/de\/wp-json\/wp\/v2\/product_cat?post=4993"},{"taxonomy":"product_tag","embeddable":true,"href":"https:\/\/yvisdesign.com\/de\/wp-json\/wp\/v2\/product_tag?post=4993"}],"curies":[{"name":"wp","href":"https:\/\/api.w.org\/{rel}","templated":true}]}}