{"id":4994,"date":"2021-10-10T21:50:29","date_gmt":"2021-10-10T19:50:29","guid":{"rendered":"https:\/\/yvisdesign.com\/?post_type=product&#038;p=4994"},"modified":"2025-11-08T16:20:03","modified_gmt":"2025-11-08T15:20:03","slug":"communicate","status":"publish","type":"product","link":"https:\/\/yvisdesign.com\/de\/produkt\/communicate\/","title":{"rendered":"Communicate"},"content":{"rendered":"","protected":false},"excerpt":{"rendered":"<p>Dieses wundersch\u00f6ne Armband besteht aus 3 mm gro\u00dfen, facettierten T\u00fcrkis Steinen, die auf einem 0,7 mm dicken elastischen Band gef\u00e4delt sind. Es besteht aus 2 Armb\u00e4ndern, die durch 2 vergoldetet Silberkugeln verbunden sind. Jedes Schmuckst\u00fcck wird mit dem Herzen entworfen und in liebevoller Handarbeit erstellt.<\/p>\n","protected":false},"featured_media":5000,"template":"","meta":{"_themeisle_gutenberg_block_has_review":false},"product_cat":[22,205,206],"product_tag":[33,34,58,134],"jetpack_sharing_enabled":true,"_links":{"self":[{"href":"https:\/\/yvisdesign.com\/de\/wp-json\/wp\/v2\/product\/4994"}],"collection":[{"href":"https:\/\/yvisdesign.com\/de\/wp-json\/wp\/v2\/product"}],"about":[{"href":"https:\/\/yvisdesign.com\/de\/wp-json\/wp\/v2\/types\/product"}],"wp:featuredmedia":[{"embeddable":true,"href":"https:\/\/yvisdesign.com\/de\/wp-json\/wp\/v2\/media\/5000"}],"wp:attachment":[{"href":"https:\/\/yvisdesign.com\/de\/wp-json\/wp\/v2\/media?parent=4994"}],"wp:term":[{"taxonomy":"product_cat","embeddable":true,"href":"https:\/\/yvisdesign.com\/de\/wp-json\/wp\/v2\/product_cat?post=4994"},{"taxonomy":"product_tag","embeddable":true,"href":"https:\/\/yvisdesign.com\/de\/wp-json\/wp\/v2\/product_tag?post=4994"}],"curies":[{"name":"wp","href":"https:\/\/api.w.org\/{rel}","templated":true}]}}