{"id":5003,"date":"2021-10-11T21:32:13","date_gmt":"2021-10-11T19:32:13","guid":{"rendered":"https:\/\/yvisdesign.com\/?post_type=product&#038;p=5003"},"modified":"2022-05-26T14:30:07","modified_gmt":"2022-05-26T12:30:07","slug":"angel-whisper","status":"publish","type":"product","link":"https:\/\/yvisdesign.com\/de\/produkt\/angel-whisper\/","title":{"rendered":"Angel Whisper"},"content":{"rendered":"<p>&nbsp;<\/p>\n<p>&nbsp;<\/p>\n","protected":false},"excerpt":{"rendered":"<p style=\"text-align: center;\">Diese wundersch\u00f6ne Halskette besteht aus 4 mm gro\u00dfen, facettierten Opal Steinen. In der Mitte der Kette befindet sich ein Engelsfl\u00fcgel. Dieser hat ein Ma\u00df von 15 mm und besteht aus vergoldetem 925er Silber. Die Elemente sind auf einem Band gef\u00e4delt, welches aus 49 feinsten Stahlf\u00e4den besteht, die mit Nylon \u00fcberzogen sind. Dies gew\u00e4hrt eine sehr hohe Strapazierf\u00e4higkeit und somit Rei\u00dffestigkeit. Den Abschluss bildet ein vergoldeter Karabiner-Verschluss. Jedes Schmuckst\u00fcck wird mit dem Herzen entworfen und in liebevoller Handarbeit erstellt.<\/p>\n","protected":false},"featured_media":5002,"template":"","meta":{"_themeisle_gutenberg_block_has_review":false},"product_cat":[22,142,26],"product_tag":[58,41,44,134],"jetpack_sharing_enabled":true,"_links":{"self":[{"href":"https:\/\/yvisdesign.com\/de\/wp-json\/wp\/v2\/product\/5003"}],"collection":[{"href":"https:\/\/yvisdesign.com\/de\/wp-json\/wp\/v2\/product"}],"about":[{"href":"https:\/\/yvisdesign.com\/de\/wp-json\/wp\/v2\/types\/product"}],"wp:featuredmedia":[{"embeddable":true,"href":"https:\/\/yvisdesign.com\/de\/wp-json\/wp\/v2\/media\/5002"}],"wp:attachment":[{"href":"https:\/\/yvisdesign.com\/de\/wp-json\/wp\/v2\/media?parent=5003"}],"wp:term":[{"taxonomy":"product_cat","embeddable":true,"href":"https:\/\/yvisdesign.com\/de\/wp-json\/wp\/v2\/product_cat?post=5003"},{"taxonomy":"product_tag","embeddable":true,"href":"https:\/\/yvisdesign.com\/de\/wp-json\/wp\/v2\/product_tag?post=5003"}],"curies":[{"name":"wp","href":"https:\/\/api.w.org\/{rel}","templated":true}]}}