{"id":5400,"date":"2022-03-08T21:29:03","date_gmt":"2022-03-08T20:29:03","guid":{"rendered":"https:\/\/yvisdesign.com\/?post_type=product&#038;p=5400"},"modified":"2025-11-08T10:56:31","modified_gmt":"2025-11-08T09:56:31","slug":"graceful","status":"publish","type":"product","link":"https:\/\/yvisdesign.com\/de\/produkt\/graceful\/","title":{"rendered":"Graceful"},"content":{"rendered":"","protected":false},"excerpt":{"rendered":"<p>Dieses wundersch\u00f6ne Armband besteht aus 4 mm gro\u00dfen, facettierten Turmalin Steinen, die auf einem 0,7 mm dicken, elastischen Band gef\u00e4delt sind. Es ist ein Herz, aus der Kollektion von YvisDesign, eingearbeitet. Dieses ist 1,1 x 0,9 mm gro\u00df und besteht aus vergoldetem 925er Silber. Jedes Schmuckst\u00fcck wird mit dem Herzen entworfen und in liebevoller Handarbeit erstellt.<\/p>\n","protected":false},"featured_media":5411,"template":"","meta":{"_themeisle_gutenberg_block_has_review":false},"product_cat":[22,205,206],"product_tag":[34,58,135],"jetpack_sharing_enabled":true,"_links":{"self":[{"href":"https:\/\/yvisdesign.com\/de\/wp-json\/wp\/v2\/product\/5400"}],"collection":[{"href":"https:\/\/yvisdesign.com\/de\/wp-json\/wp\/v2\/product"}],"about":[{"href":"https:\/\/yvisdesign.com\/de\/wp-json\/wp\/v2\/types\/product"}],"wp:featuredmedia":[{"embeddable":true,"href":"https:\/\/yvisdesign.com\/de\/wp-json\/wp\/v2\/media\/5411"}],"wp:attachment":[{"href":"https:\/\/yvisdesign.com\/de\/wp-json\/wp\/v2\/media?parent=5400"}],"wp:term":[{"taxonomy":"product_cat","embeddable":true,"href":"https:\/\/yvisdesign.com\/de\/wp-json\/wp\/v2\/product_cat?post=5400"},{"taxonomy":"product_tag","embeddable":true,"href":"https:\/\/yvisdesign.com\/de\/wp-json\/wp\/v2\/product_tag?post=5400"}],"curies":[{"name":"wp","href":"https:\/\/api.w.org\/{rel}","templated":true}]}}