{"id":5422,"date":"2022-03-11T16:11:06","date_gmt":"2022-03-11T15:11:06","guid":{"rendered":"https:\/\/yvisdesign.com\/?post_type=product&#038;p=5422"},"modified":"2022-03-11T19:09:18","modified_gmt":"2022-03-11T18:09:18","slug":"lets-start","status":"publish","type":"product","link":"https:\/\/yvisdesign.com\/de\/produkt\/lets-start\/","title":{"rendered":"Let`s start"},"content":{"rendered":"","protected":false},"excerpt":{"rendered":"<p>Diese wundersch\u00f6ne Halskette ist ca. 60 cm lang. Sie besteht aus ca. 30 cm vergoldeter 925er Silberkette und aus 6 mm gro\u00dfen Lavakugeln in die drei S\u00fc\u00dfwasserzuchtperlen eingearbeitet sind. Zwei haben eine Gr\u00f6\u00dfe von ca. 6 mm und eine weiter von ca. 8 mm. Jedes Schmuckst\u00fcck ist mit dem Herzen entworfen und in liebevoller Handarbeit erstellt.<\/p>\n","protected":false},"featured_media":5427,"template":"","meta":{"_themeisle_gutenberg_block_has_review":false},"product_cat":[22,142,45],"product_tag":[58,41,44,134],"jetpack_sharing_enabled":true,"_links":{"self":[{"href":"https:\/\/yvisdesign.com\/de\/wp-json\/wp\/v2\/product\/5422"}],"collection":[{"href":"https:\/\/yvisdesign.com\/de\/wp-json\/wp\/v2\/product"}],"about":[{"href":"https:\/\/yvisdesign.com\/de\/wp-json\/wp\/v2\/types\/product"}],"wp:featuredmedia":[{"embeddable":true,"href":"https:\/\/yvisdesign.com\/de\/wp-json\/wp\/v2\/media\/5427"}],"wp:attachment":[{"href":"https:\/\/yvisdesign.com\/de\/wp-json\/wp\/v2\/media?parent=5422"}],"wp:term":[{"taxonomy":"product_cat","embeddable":true,"href":"https:\/\/yvisdesign.com\/de\/wp-json\/wp\/v2\/product_cat?post=5422"},{"taxonomy":"product_tag","embeddable":true,"href":"https:\/\/yvisdesign.com\/de\/wp-json\/wp\/v2\/product_tag?post=5422"}],"curies":[{"name":"wp","href":"https:\/\/api.w.org\/{rel}","templated":true}]}}