{"id":5424,"date":"2022-03-11T16:29:41","date_gmt":"2022-03-11T15:29:41","guid":{"rendered":"https:\/\/yvisdesign.com\/?post_type=product&#038;p=5424"},"modified":"2022-03-11T19:07:44","modified_gmt":"2022-03-11T18:07:44","slug":"stars","status":"publish","type":"product","link":"https:\/\/yvisdesign.com\/de\/produkt\/stars\/","title":{"rendered":"Stars"},"content":{"rendered":"","protected":false},"excerpt":{"rendered":"<p>Diese wundersch\u00f6ne Halskette ist ca. 60 cm lang. Sie besteht aus ca. 30 cm vergoldeter 925er Silberkette und aus 4&#215;6 mm gro\u00dfen facettierten Mondsteinen in die f\u00fcnf ca. 6 mm gro\u00dfe, ros\u00e9 farbige S\u00fc\u00dfwasserzuchtperlen eingearbeitet sind. Jedes Schmuckst\u00fcck ist mit dem Herzen entworfen und in liebevoller Handarbeit erstellt.<\/p>\n","protected":false},"featured_media":5430,"template":"","meta":{"_themeisle_gutenberg_block_has_review":false},"product_cat":[22,142,45],"product_tag":[58,41,44,134],"jetpack_sharing_enabled":true,"_links":{"self":[{"href":"https:\/\/yvisdesign.com\/de\/wp-json\/wp\/v2\/product\/5424"}],"collection":[{"href":"https:\/\/yvisdesign.com\/de\/wp-json\/wp\/v2\/product"}],"about":[{"href":"https:\/\/yvisdesign.com\/de\/wp-json\/wp\/v2\/types\/product"}],"wp:featuredmedia":[{"embeddable":true,"href":"https:\/\/yvisdesign.com\/de\/wp-json\/wp\/v2\/media\/5430"}],"wp:attachment":[{"href":"https:\/\/yvisdesign.com\/de\/wp-json\/wp\/v2\/media?parent=5424"}],"wp:term":[{"taxonomy":"product_cat","embeddable":true,"href":"https:\/\/yvisdesign.com\/de\/wp-json\/wp\/v2\/product_cat?post=5424"},{"taxonomy":"product_tag","embeddable":true,"href":"https:\/\/yvisdesign.com\/de\/wp-json\/wp\/v2\/product_tag?post=5424"}],"curies":[{"name":"wp","href":"https:\/\/api.w.org\/{rel}","templated":true}]}}