{"id":442,"date":"2020-07-09T22:35:52","date_gmt":"2020-07-09T20:35:52","guid":{"rendered":"https:\/\/yvisdesign.com\/?page_id=442"},"modified":"2022-05-07T12:13:09","modified_gmt":"2022-05-07T10:13:09","slug":"wiederrufsrecht","status":"publish","type":"page","link":"https:\/\/yvisdesign.com\/en\/wiederrufsrecht\/","title":{"rendered":"Wiederrufsrecht"},"content":{"rendered":"<h3 data-slate-node=\"element\"><u><strong>Widerrufsrecht<\/strong><\/u><\/h3>\n<p data-slate-node=\"element\"><strong>Schlie\u00dfen Sie als Verbraucher einen Vertrag ab, steht Ihnen das Recht zu, diesen ohne Angaben von Gr\u00fcnden innerhalb der gesetzlichen Widerrufsfrist zu widerrufen.<\/strong><\/p>\n<p data-slate-node=\"element\"><strong>Die Widerrufsfrist betr\u00e4gt 14 Tage ab dem Tag, an dem Sie oder ein von Ihnen benannter Dritter, der nicht der Bef\u00f6rderer ist, die Ware in Besitz genommen hat.<\/strong><\/p>\n<p data-slate-node=\"element\"><strong>Um Ihr Widerrufsrecht auszu\u00fcben, m\u00fcssen Sie uns (Yvonne`s Schmuckmanufaktur, Keltenring 83, D-79199 Kirchzarten; E-Mail: info@yvisdesign.com ) <\/strong>mittels einer eindeutigen Erkl\u00e4rung ( z.B. per mit der Post versandten Brief oder einer E-Mail) \u00fcber Ihren Entschluss, den Vertrag zu widerrufen, auf eine der folgenden Weisen informieren. Sie k\u00f6nnen daf\u00fcr auch das Muster-Widerrufsformular verwenden, das jedoch nicht vorgeschrieben ist.<\/p>\n<h3 data-slate-node=\"element\"><u>Folgen des Widerrufs<\/u><\/h3>\n<p data-slate-node=\"element\">Wenn Sie diesen Vertrag widerrufen, werden wir Ihnen alle von Ihnen erhaltenen Zahlungen, einschlie\u00dflich der Versandkosten zum urspr\u00fcnglichen Lieferort ( mit Ausnahme der zus\u00e4tzlichen Kosten, die sich daraus ergeben, dass Sie eine andere Art der Lieferung als die von uns angebotene Standartlieferung gew\u00e4hlt haben), unverz\u00fcglich und auf jeden Fall sp\u00e4testens innerhalb von 14 Tagen ab dem Tag zur\u00fcckerstatten, an dem die Mitteilung \u00fcber Ihren Widerruf dieses Vertrags bei uns eingegangen ist. F\u00fcr diese R\u00fcckerstattung verwenden wir dieselbe Zahlungsform, die Sie bei der urspr\u00fcnglichen Transaktion eingesetzt haben. In keinem Fall werden Ihnen wegen dieser R\u00fcckerstattung Kosten berechnet.<\/p>\n<p data-slate-node=\"element\">Wir k\u00f6nnen Ihnen die R\u00fcckzahlung verweigern, bis wir die Waren wieder zur\u00fcckerhalten haben oder bis Sie den Nachweis erbracht haben, dass Sie die Waren zur\u00fcckgesandt haben, je nachdem, welches der fr\u00fchere Zeitpunkt ist.<\/p>\n<p data-slate-node=\"element\">Sie m\u00fcssen uns die Ware unverz\u00fcglich und in jedem Fall sp\u00e4testens innerhalb von 14 Tagen ab dem Tag, an dem Sie uns \u00fcber Ihren Widerruf des Vertrages informieren, zur\u00fccksenden bzw. \u00fcbergeben. Die Frist ist gewahrt, wenn Sie die Ware vor Ablauf der Frist von 14 Tagen absenden.<\/p>\n<p data-slate-node=\"element\">Die R\u00fccksendekosten bezahlt der Kunde.<\/p>\n<p data-slate-node=\"element\">Sie m\u00fcssen f\u00fcr einen etwaigen Wertverlust der Ware nur aufkommen, wenn dieser Wertverlust auf einen zur Pr\u00fcfung der Beschaffenheit, Eigenschaften und Funktionsweise der Waren nicht notwendigen Umgang mit diesen zur\u00fcckzuf\u00fchren ist.<\/p>\n<p data-slate-node=\"element\">Der Kunde muss sich bem\u00fchen, die Produkte im Originalzustand, original verpackt zur\u00fcckzusenden und den Produkten muss der R\u00fccksendeschein beigef\u00fcgt werden.<\/p>\n<p data-slate-node=\"element\" data-slate-fragment=\"JTVCJTdCJTIyMCUyMiUzQSU3QiUyMnR5cGUlMjIlM0ElMjJoZWFkbGluZTMlMjIlMkMlMjJhbGlnbiUyMiUzQSUyMmxlZnQlMjIlMkMlMjJjaGlsZHJlbiUyMiUzQSU1QiU3QiUyMnRleHQlMjIlM0ElMjJXaWRlcnJ1ZnNyZWNodCUyMiUyQyUyMmJvbGQlMjIlM0F0cnVlJTJDJTIydW5kZXJsaW5lJTIyJTNBdHJ1ZSU3RCU1RCU3RCUyQyUyMnR5cGUlMjIlM0ElMjJoZWFkbGluZTMlMjIlMkMlMjJhbGlnbiUyMiUzQSUyMmxlZnQlMjIlMkMlMjJjaGlsZHJlbiUyMiUzQSU1QiU3QiUyMnRleHQlMjIlM0ElMjJXaWRlcnJ1ZnNyZWNodCUyMiUyQyUyMmJvbGQlMjIlM0F0cnVlJTJDJTIydW5kZXJsaW5lJTIyJTNBdHJ1ZSU3RCU1RCU3RCUyQyU3QiUyMjAlMjIlM0ElN0IlMjJ0eXBlJTIyJTNBJTIycGFyYWdyYXBoJTIyJTJDJTIyYWxpZ24lMjIlM0ElMjJsZWZ0JTIyJTJDJTIyY2hpbGRyZW4lMjIlM0ElNUIlN0IlMjJ0ZXh0JTIyJTNBJTIyU2NobGllJUMzJTlGZW4lMjBTaWUlMjBhbHMlMjBWZXJicmF1Y2hlciUyMGVpbmVuJTIwVmVydHJhZyUyMGFiJTJDJTIwc3RlaHQlMjBJaG5lbiUyMGRhcyUyMFJlY2h0JTIwenUlMkMlMjBkaWVzZW4lMjBvaG5lJTIwQW5nYWJlbiUyMHZvbiUyMEdyJUMzJUJDbmRlbiUyMGlubmVyaGFsYiUyMGRlciUyMGdlc2V0emxpY2hlbiUyMFdpZGVycnVmc2ZyaXN0JTIwenUlMjB3aWRlcnJ1ZmVuLiUyMiUyQyUyMmJvbGQlMjIlM0F0cnVlJTdEJTVEJTdEJTJDJTIydHlwZSUyMiUzQSUyMnBhcmFncmFwaCUyMiUyQyUyMmFsaWduJTIyJTNBJTIybGVmdCUyMiUyQyUyMmNoaWxkcmVuJTIyJTNBJTVCJTdCJTIydGV4dCUyMiUzQSUyMlNjaGxpZSVDMyU5RmVuJTIwU2llJTIwYWxzJTIwVmVyYnJhdWNoZXIlMjBlaW5lbiUyMFZlcnRyYWclMjBhYiUyQyUyMHN0ZWh0JTIwSWhuZW4lMjBkYXMlMjBSZWNodCUyMHp1JTJDJTIwZGllc2VuJTIwb2huZSUyMEFuZ2FiZW4lMjB2b24lMjBHciVDMyVCQ25kZW4lMjBpbm5lcmhhbGIlMjBkZXIlMjBnZXNldHpsaWNoZW4lMjBXaWRlcnJ1ZnNmcmlzdCUyMHp1JTIwd2lkZXJydWZlbi4lMjIlMkMlMjJib2xkJTIyJTNBdHJ1ZSU3RCU1RCU3RCUyQyU3QiUyMjAlMjIlM0ElN0IlMjJ0eXBlJTIyJTNBJTIycGFyYWdyYXBoJTIyJTJDJTIyYWxpZ24lMjIlM0ElMjJsZWZ0JTIyJTJDJTIyY2hpbGRyZW4lMjIlM0ElNUIlN0IlMjJ0ZXh0JTIyJTNBJTIyRGllJTIwV2lkZXJydWZzZnJpc3QlMjBiZXRyJUMzJUE0Z3QlMjAxNCUyMFRhZ2UlMjBhYiUyMGRlbSUyMFRhZyUyQyUyMGFuJTIwZGVtJTIwU2llJTIwb2RlciUyMGVpbiUyMHZvbiUyMElobmVuJTIwYmVuYW5udGVyJTIwRHJpdHRlciUyQyUyMGRlciUyMG5pY2h0JTIwZGVyJTIwQmVmJUMzJUI2cmRlcmVyJTIwaXN0JTJDJTIwZGllJTIwV2FyZSUyMGluJTIwQmVzaXR6JTIwZ2Vub21tZW4lMjBoYXQuJTIyJTJDJTIyYm9sZCUyMiUzQXRydWUlN0QlNUQlN0QlMkMlMjJ0eXBlJTIyJTNBJTIycGFyYWdyYXBoJTIyJTJDJTIyYWxpZ24lMjIlM0ElMjJsZWZ0JTIyJTJDJTIyY2hpbGRyZW4lMjIlM0ElNUIlN0IlMjJ0ZXh0JTIyJTNBJTIyRGllJTIwV2lkZXJydWZzZnJpc3QlMjBiZXRyJUMzJUE0Z3QlMjAxNCUyMFRhZ2UlMjBhYiUyMGRlbSUyMFRhZyUyQyUyMGFuJTIwZGVtJTIwU2llJTIwb2RlciUyMGVpbiUyMHZvbiUyMElobmVuJTIwYmVuYW5udGVyJTIwRHJpdHRlciUyQyUyMGRlciUyMG5pY2h0JTIwZGVyJTIwQmVmJUMzJUI2cmRlcmVyJTIwaXN0JTJDJTIwZGllJTIwV2FyZSUyMGluJTIwQmVzaXR6JTIwZ2Vub21tZW4lMjBoYXQuJTIyJTJDJTIyYm9sZCUyMiUzQXRydWUlN0QlNUQlN0QlMkMlN0IlMjIwJTIyJTNBJTdCJTIydHlwZSUyMiUzQSUyMnBhcmFncmFwaCUyMiUyQyUyMmFsaWduJTIyJTNBJTIybGVmdCUyMiUyQyUyMmNoaWxkcmVuJTIyJTNBJTVCJTdCJTIydGV4dCUyMiUzQSUyMlVtJTIwSWhyJTIwV2lkZXJydWZzcmVjaHQlMjBhdXN6dSVDMyVCQ2JlbiUyQyUyMG0lQzMlQkNzc2VuJTIwU2llJTIwdW5zJTIwKCUyMFl2b25uZSU2MHMlMjBTY2htdWNrbWFudWZha3R1ciUyQyUyMEtlbHRlbnJpbmclMjA4MyUyQyUyMEQtNzkxOTklMjBLaXJjaHphcnRlbiUzQiUyMEUtTWFpbCUzQSUyMGluZm8lNDBZdm9ubmVzc2NobXVja21hbnVmYWt0dXIuY29tJTIwKSUyMCUyMiUyQyUyMmJvbGQlMjIlM0F0cnVlJTdEJTJDJTdCJTIydGV4dCUyMiUzQSUyMm1pdHRlbHMlMjBlaW5lciUyMGVpbmRldXRpZ2VuJTIwRXJrbCVDMyVBNHJ1bmclMjAoJTIwei5CLiUyMHBlciUyMG1pdCUyMGRlciUyMFBvc3QlMjB2ZXJzYW5kdGVuJTIwQnJpZWYlMjBvZGVyJTIwZWluZXIlMjBFLU1haWwpJTIwJUMzJUJDYmVyJTIwSWhyZW4lMjBFbnRzY2hsdXNzJTJDJTIwZGVuJTIwVmVydHJhZyUyMHp1JTIwd2lkZXJydWZlbiUyQyUyMGF1ZiUyMGVpbmUlMjBkZXIlMjBmb2xnZW5kZW4lMjBXZWlzZW4lMjBpbmZvcm1pZXJlbi4lMjBTaWUlMjBrJUMzJUI2bm5lbiUyMGRhZiVDMyVCQ3IlMjBhdWNoJTIwZGFzJTIwTXVzdGVyLVdpZGVycnVmc2Zvcm11bGFyJTIwdmVyd2VuZGVuJTJDJTIwZGFzJTIwamVkb2NoJTIwbmljaHQlMjB2b3JnZXNjaHJpZWJlbiUyMGlzdC4lMjIlN0QlNUQlN0QlMkMlMjJ0eXBlJTIyJTNBJTIycGFyYWdyYXBoJTIyJTJDJTIyYWxpZ24lMjIlM0ElMjJsZWZ0JTIyJTJDJTIyY2hpbGRyZW4lMjIlM0ElNUIlN0IlMjJ0ZXh0JTIyJTNBJTIyVW0lMjBJaHIlMjBXaWRlcnJ1ZnNyZWNodCUyMGF1c3p1JUMzJUJDYmVuJTJDJTIwbSVDMyVCQ3NzZW4lMjBTaWUlMjB1bnMlMjAoJTIwWXZvbm5lJTYwcyUyMFNjaG11Y2ttYW51ZmFrdHVyJTJDJTIwS2VsdGVucmluZyUyMDgzJTJDJTIwRC03OTE5OSUyMEtpcmNoemFydGVuJTNCJTIwRS1NYWlsJTNBJTIwaW5mbyU0MFl2b25uZXNzY2htdWNrbWFudWZha3R1ci5jb20lMjApJTIwJTIyJTJDJTIyYm9sZCUyMiUzQXRydWUlN0QlMkMlN0IlMjJ0ZXh0JTIyJTNBJTIybWl0dGVscyUyMGVpbmVyJTIwZWluZGV1dGlnZW4lMjBFcmtsJUMzJUE0cnVuZyUyMCglMjB6LkIuJTIwcGVyJTIwbWl0JTIwZGVyJTIwUG9zdCUyMHZlcnNhbmR0ZW4lMjBCcmllZiUyMG9kZXIlMjBlaW5lciUyMEUtTWFpbCklMjAlQzMlQkNiZXIlMjBJaHJlbiUyMEVudHNjaGx1c3MlMkMlMjBkZW4lMjBWZXJ0cmFnJTIwenUlMjB3aWRlcnJ1ZmVuJTJDJTIwYXVmJTIwZWluZSUyMGRlciUyMGZvbGdlbmRlbiUyMFdlaXNlbiUyMGluZm9ybWllcmVuLiUyMFNpZSUyMGslQzMlQjZubmVuJTIwZGFmJUMzJUJDciUyMGF1Y2glMjBkYXMlMjBNdXN0ZXItV2lkZXJydWZzZm9ybXVsYXIlMjB2ZXJ3ZW5kZW4lMkMlMjBkYXMlMjBqZWRvY2glMjBuaWNodCUyMHZvcmdlc2NocmllYmVuJTIwaXN0LiUyMiU3RCU1RCU3RCUyQyU3QiUyMjAlMjIlM0ElN0IlMjJ0eXBlJTIyJTNBJTIycGFyYWdyYXBoJTIyJTJDJTIyYWxpZ24lMjIlM0ElMjJsZWZ0JTIyJTJDJTIyY2hpbGRyZW4lMjIlM0ElNUIlN0IlMjJ0ZXh0JTIyJTNBJTIyJTIyJTdEJTVEJTdEJTJDJTIydHlwZSUyMiUzQSUyMnBhcmFncmFwaCUyMiUyQyUyMmFsaWduJTIyJTNBJTIybGVmdCUyMiUyQyUyMmNoaWxkcmVuJTIyJTNBJTVCJTdCJTIydGV4dCUyMiUzQSUyMiUyMiU3RCU1RCU3RCUyQyU3QiUyMjAlMjIlM0ElN0IlMjJ0eXBlJTIyJTNBJTIyaGVhZGxpbmUzJTIyJTJDJTIyYWxpZ24lMjIlM0ElMjJsZWZ0JTIyJTJDJTIyY2hpbGRyZW4lMjIlM0ElNUIlN0IlMjJ0ZXh0JTIyJTNBJTIyRm9sZ2VuJTIwZGVzJTIwV2lkZXJydWZzJTIyJTJDJTIydW5kZXJsaW5lJTIyJTNBdHJ1ZSU3RCU1RCU3RCUyQyUyMnR5cGUlMjIlM0ElMjJoZWFkbGluZTMlMjIlMkMlMjJhbGlnbiUyMiUzQSUyMmxlZnQlMjIlMkMlMjJjaGlsZHJlbiUyMiUzQSU1QiU3QiUyMnRleHQlMjIlM0ElMjJGb2xnZW4lMjBkZXMlMjBXaWRlcnJ1ZnMlMjIlMkMlMjJ1bmRlcmxpbmUlMjIlM0F0cnVlJTdEJTVEJTdEJTJDJTdCJTIyMCUyMiUzQSU3QiUyMnR5cGUlMjIlM0ElMjJwYXJhZ3JhcGglMjIlMkMlMjJhbGlnbiUyMiUzQSUyMmxlZnQlMjIlMkMlMjJjaGlsZHJlbiUyMiUzQSU1QiU3QiUyMnRleHQlMjIlM0ElMjJXZW5uJTIwU2llJTIwZGllc2VuJTIwVmVydHJhZyUyMHdpZGVycnVmZW4lMkMlMjB3ZXJkZW4lMjB3aXIlMjBJaG5lbiUyMGFsbGUlMjB2b24lMjBJaG5lbiUyMGVyaGFsdGVuZW4lMjBaYWhsdW5nZW4lMkMlMjBlaW5zY2hsaWUlQzMlOUZsaWNoJTIwZGVyJTIwVmVyc2FuZGtvc3RlbiUyMHp1bSUyMHVyc3ByJUMzJUJDbmdsaWNoZW4lMjBMaWVmZXJvcnQlMjAoJTIwbWl0JTIwQXVzbmFobWUlMjBkZXIlMjB6dXMlQzMlQTR0emxpY2hlbiUyMEtvc3RlbiUyQyUyMGRpZSUyMHNpY2glMjBkYXJhdXMlMjBlcmdlYmVuJTJDJTIwZGFzcyUyMFNpZSUyMGVpbmUlMjBhbmRlcmUlMjBBcnQlMjBkZXIlMjBMaWVmZXJ1bmclMjBhbHMlMjBkaWUlMjB2b24lMjB1bnMlMjBhbmdlYm90ZW5lJTIwU3RhbmRhcnRsaWVmZXJ1bmclMjBnZXclQzMlQTRobHQlMjBoYWJlbiklMkMlMjB1bnZlcnolQzMlQkNnbGljaCUyMHVuZCUyMGF1ZiUyMGplZGVuJTIwRmFsbCUyMHNwJUMzJUE0dGVzdGVucyUyMGlubmVyaGFsYiUyMHZvbiUyMDE0JTIwVGFnZW4lMjBhYiUyMGRlbSUyMFRhZyUyMHp1ciVDMyVCQ2NrZXJzdGF0dGVuJTJDJTIwYW4lMjBkZW0lMjBkaWUlMjBNaXR0ZWlsdW5nJTIwJUMzJUJDYmVyJTIwSWhyZW4lMjBXaWRlcnJ1ZiUyMGRpZXNlcyUyMFZlcnRyYWdzJTIwYmVpJTIwdW5zJTIwZWluZ2VnYW5nZW4lMjBpc3QuJTIwRiVDMyVCQ3IlMjBkaWVzZSUyMFIlQzMlQkNja2Vyc3RhdHR1bmclMjB2ZXJ3ZW5kZW4lMjB3aXIlMjBkaWVzZWxiZSUyMFphaGx1bmdzZm9ybSUyQyUyMGRpZSUyMFNpZSUyMGJlaSUyMGRlciUyMHVyc3ByJUMzJUJDbmdsaWNoZW4lMjBUcmFuc2FrdGlvbiUyMGVpbmdlc2V0enQlMjBoYWJlbi4lMjBJbiUyMGtlaW5lbSUyMEZhbGwlMjB3ZXJkZW4lMjBJaG5lbiUyMHdlZ2VuJTIwZGllc2VyJTIwUiVDMyVCQ2NrZXJzdGF0dHVuZyUyMEtvc3RlbiUyMGJlcmVjaG5ldC4lMjAlMjIlN0QlNUQlN0QlMkMlMjJ0eXBlJTIyJTNBJTIycGFyYWdyYXBoJTIyJTJDJTIyYWxpZ24lMjIlM0ElMjJsZWZ0JTIyJTJDJTIyY2hpbGRyZW4lMjIlM0ElNUIlN0IlMjJ0ZXh0JTIyJTNBJTIyV2VubiUyMFNpZSUyMGRpZXNlbiUyMFZlcnRyYWclMjB3aWRlcnJ1ZmVuJTJDJTIwd2VyZGVuJTIwd2lyJTIwSWhuZW4lMjBhbGxlJTIwdm9uJTIwSWhuZW4lMjBlcmhhbHRlbmVuJTIwWmFobHVuZ2VuJTJDJTIwZWluc2NobGllJUMzJTlGbGljaCUyMGRlciUyMFZlcnNhbmRrb3N0ZW4lMjB6dW0lMjB1cnNwciVDMyVCQ25nbGljaGVuJTIwTGllZmVyb3J0JTIwKCUyMG1pdCUyMEF1c25haG1lJTIwZGVyJTIwenVzJUMzJUE0dHpsaWNoZW4lMjBLb3N0ZW4lMkMlMjBkaWUlMjBzaWNoJTIwZGFyYXVzJTIwZXJnZWJlbiUyQyUyMGRhc3MlMjBTaWUlMjBlaW5lJTIwYW5kZXJlJTIwQXJ0JTIwZGVyJTIwTGllZmVydW5nJTIwYWxzJTIwZGllJTIwdm9uJTIwdW5zJTIwYW5nZWJvdGVuZSUyMFN0YW5kYXJ0bGllZmVydW5nJTIwZ2V3JUMzJUE0aGx0JTIwaGFiZW4pJTJDJTIwdW52ZXJ6JUMzJUJDZ2xpY2glMjB1bmQlMjBhdWYlMjBqZWRlbiUyMEZhbGwlMjBzcCVDMyVBNHRlc3RlbnMlMjBpbm5lcmhhbGIlMjB2b24lMjAxNCUyMFRhZ2VuJTIwYWIlMjBkZW0lMjBUYWclMjB6dXIlQzMlQkNja2Vyc3RhdHRlbiUyQyUyMGFuJTIwZGVtJTIwZGllJTIwTWl0dGVpbHVuZyUyMCVDMyVCQ2JlciUyMElocmVuJTIwV2lkZXJydWYlMjBkaWVzZXMlMjBWZXJ0cmFncyUyMGJlaSUyMHVucyUyMGVpbmdlZ2FuZ2VuJTIwaXN0LiUyMEYlQzMlQkNyJTIwZGllc2UlMjBSJUMzJUJDY2tlcnN0YXR0dW5nJTIwdmVyd2VuZGVuJTIwd2lyJTIwZGllc2VsYmUlMjBaYWhsdW5nc2Zvcm0lMkMlMjBkaWUlMjBTaWUlMjBiZWklMjBkZXIlMjB1cnNwciVDMyVCQ25nbGljaGVuJTIwVHJhbnNha3Rpb24lMjBlaW5nZXNldHp0JTIwaGFiZW4uJTIwSW4lMjBrZWluZW0lMjBGYWxsJTIwd2VyZGVuJTIwSWhuZW4lMjB3ZWdlbiUyMGRpZXNlciUyMFIlQzMlQkNja2Vyc3RhdHR1bmclMjBLb3N0ZW4lMjBiZXJlY2huZXQuJTIwJTIyJTdEJTVEJTdEJTJDJTdCJTIyMCUyMiUzQSU3QiUyMnR5cGUlMjIlM0ElMjJwYXJhZ3JhcGglMjIlMkMlMjJhbGlnbiUyMiUzQSUyMmxlZnQlMjIlMkMlMjJjaGlsZHJlbiUyMiUzQSU1QiU3QiUyMnRleHQlMjIlM0ElMjJXaXIlMjBrJUMzJUI2bm5lbiUyMElobmVuJTIwZGllJTIwUiVDMyVCQ2NremFobHVuZyUyMHZlcndlaWdlcm4lMkMlMjBiaXMlMjB3aXIlMjBkaWUlMjBXYXJlbiUyMHdpZWRlciUyMHp1ciVDMyVCQ2NrZXJoYWx0ZW4lMjBoYWJlbiUyMG9kZXIlMjBiaXMlMjBTaWUlMjBkZW4lMjBOYWNod2VpcyUyMGVyYnJhY2h0JTIwaGFiZW4lMkMlMjBkYXNzJTIwU2llJTIwZGllJTIwV2FyZW4lMjB6dXIlQzMlQkNja2dlc2FuZHQlMjBoYWJlbiUyQyUyMGplJTIwbmFjaGRlbSUyQyUyMHdlbGNoZXMlMjBkZXIlMjBmciVDMyVCQ2hlcmUlMjBaZWl0cHVua3QlMjBpc3QuJTIyJTdEJTVEJTdEJTJDJTIydHlwZSUyMiUzQSUyMnBhcmFncmFwaCUyMiUyQyUyMmFsaWduJTIyJTNBJTIybGVmdCUyMiUyQyUyMmNoaWxkcmVuJTIyJTNBJTVCJTdCJTIydGV4dCUyMiUzQSUyMldpciUyMGslQzMlQjZubmVuJTIwSWhuZW4lMjBkaWUlMjBSJUMzJUJDY2t6YWhsdW5nJTIwdmVyd2VpZ2VybiUyQyUyMGJpcyUyMHdpciUyMGRpZSUyMFdhcmVuJTIwd2llZGVyJTIwenVyJUMzJUJDY2tlcmhhbHRlbiUyMGhhYmVuJTIwb2RlciUyMGJpcyUyMFNpZSUyMGRlbiUyME5hY2h3ZWlzJTIwZXJicmFjaHQlMjBoYWJlbiUyQyUyMGRhc3MlMjBTaWUlMjBkaWUlMjBXYXJlbiUyMHp1ciVDMyVCQ2NrZ2VzYW5kdCUyMGhhYmVuJTJDJTIwamUlMjBuYWNoZGVtJTJDJTIwd2VsY2hlcyUyMGRlciUyMGZyJUMzJUJDaGVyZSUyMFplaXRwdW5rdCUyMGlzdC4lMjIlN0QlNUQlN0QlMkMlN0IlMjIwJTIyJTNBJTdCJTIydHlwZSUyMiUzQSUyMnBhcmFncmFwaCUyMiUyQyUyMmFsaWduJTIyJTNBJTIybGVmdCUyMiUyQyUyMmNoaWxkcmVuJTIyJTNBJTVCJTdCJTIydGV4dCUyMiUzQSUyMlNpZSUyMG0lQzMlQkNzc2VuJTIwdW5zJTIwZGllJTIwV2FyZSUyMHVudmVyeiVDMyVCQ2dsaWNoJTIwdW5kJTIwaW4lMjBqZWRlbSUyMEZhbGwlMjBzcCVDMyVBNHRlc3RlbnMlMjBpbm5lcmhhbGIlMjB2b24lMjAxNCUyMFRhZ2VuJTIwYWIlMjBkZW0lMjBUYWclMkMlMjBhbiUyMGRlbSUyMFNpZSUyMHVucyUyMCVDMyVCQ2JlciUyMElocmVuJTIwV2lkZXJydWYlMjBkZXMlMjBWZXJ0cmFnZXMlMjBpbmZvcm1pZXJlbiUyQyUyMHp1ciVDMyVCQ2Nrc2VuZGVuJTIwYnp3LiUyMCVDMyVCQ2JlcmdlYmVuLiUyMERpZSUyMEZyaXN0JTIwaXN0JTIwZ2V3YWhydCUyQyUyMHdlbm4lMjBTaWUlMjBkaWUlMjBXYXJlJTIwdm9yJTIwQWJsYXVmJTIwZGVyJTIwRnJpc3QlMjB2b24lMjAxNCUyMFRhZ2VuJTIwYWJzZW5kZW4uJTIyJTdEJTVEJTdEJTJDJTIydHlwZSUyMiUzQSUyMnBhcmFncmFwaCUyMiUyQyUyMmFsaWduJTIyJTNBJTIybGVmdCUyMiUyQyUyMmNoaWxkcmVuJTIyJTNBJTVCJTdCJTIydGV4dCUyMiUzQSUyMlNpZSUyMG0lQzMlQkNzc2VuJTIwdW5zJTIwZGllJTIwV2FyZSUyMHVudmVyeiVDMyVCQ2dsaWNoJTIwdW5kJTIwaW4lMjBqZWRlbSUyMEZhbGwlMjBzcCVDMyVBNHRlc3RlbnMlMjBpbm5lcmhhbGIlMjB2b24lMjAxNCUyMFRhZ2VuJTIwYWIlMjBkZW0lMjBUYWclMkMlMjBhbiUyMGRlbSUyMFNpZSUyMHVucyUyMCVDMyVCQ2JlciUyMElocmVuJTIwV2lkZXJydWYlMjBkZXMlMjBWZXJ0cmFnZXMlMjBpbmZvcm1pZXJlbiUyQyUyMHp1ciVDMyVCQ2Nrc2VuZGVuJTIwYnp3LiUyMCVDMyVCQ2JlcmdlYmVuLiUyMERpZSUyMEZyaXN0JTIwaXN0JTIwZ2V3YWhydCUyQyUyMHdlbm4lMjBTaWUlMjBkaWUlMjBXYXJlJTIwdm9yJTIwQWJsYXVmJTIwZGVyJTIwRnJpc3QlMjB2b24lMjAxNCUyMFRhZ2VuJTIwYWJzZW5kZW4uJTIyJTdEJTVEJTdEJTJDJTdCJTIyMCUyMiUzQSU3QiUyMnR5cGUlMjIlM0ElMjJwYXJhZ3JhcGglMjIlMkMlMjJhbGlnbiUyMiUzQSUyMmxlZnQlMjIlMkMlMjJjaGlsZHJlbiUyMiUzQSU1QiU3QiUyMnRleHQlMjIlM0ElMjJEaWUlMjBSJUMzJUJDY2tzZW5kZWtvc3RlbiUyMGJlemFobHQlMjBkZXIlMjBLdW5kZS4lMjIlN0QlNUQlN0QlMkMlMjJ0eXBlJTIyJTNBJTIycGFyYWdyYXBoJTIyJTJDJTIyYWxpZ24lMjIlM0ElMjJsZWZ0JTIyJTJDJTIyY2hpbGRyZW4lMjIlM0ElNUIlN0IlMjJ0ZXh0JTIyJTNBJTIyRGllJTIwUiVDMyVCQ2Nrc2VuZGVrb3N0ZW4lMjBiZXphaGx0JTIwZGVyJTIwS3VuZGUuJTIyJTdEJTVEJTdEJTJDJTdCJTIyMCUyMiUzQSU3QiUyMnR5cGUlMjIlM0ElMjJwYXJhZ3JhcGglMjIlMkMlMjJhbGlnbiUyMiUzQSUyMmxlZnQlMjIlMkMlMjJjaGlsZHJlbiUyMiUzQSU1QiU3QiUyMnRleHQlMjIlM0ElMjJTaWUlMjBtJUMzJUJDc3NlbiUyMGYlQzMlQkNyJTIwZWluZW4lMjBldHdhaWdlbiUyMFdlcnR2ZXJsdXN0JTIwZGVyJTIwV2FyZSUyMG51ciUyMGF1ZmtvbW1lbiUyQyUyMHdlbm4lMjBkaWVzZXIlMjBXZXJ0dmVybHVzdCUyMGF1ZiUyMGVpbmVuJTIwenVyJTIwUHIlQzMlQkNmdW5nJTIwZGVyJTIwQmVzY2hhZmZlbmhlaXQlMkMlMjBFaWdlbnNjaGFmdGVuJTIwdW5kJTIwRnVua3Rpb25zd2Vpc2UlMjBkZXIlMjBXYXJlbiUyMG5pY2h0JTIwbm90d2VuZGlnZW4lMjBVbWdhbmclMjBtaXQlMjBkaWVzZW4lMjB6dXIlQzMlQkNja3p1ZiVDMyVCQ2hyZW4lMjBpc3QuJTIyJTdEJTVEJTdEJTJDJTIydHlwZSUyMiUzQSUyMnBhcmFncmFwaCUyMiUyQyUyMmFsaWduJTIyJTNBJTIybGVmdCUyMiUyQyUyMmNoaWxkcmVuJTIyJTNBJTVCJTdCJTIydGV4dCUyMiUzQSUyMlNpZSUyMG0lQzMlQkNzc2VuJTIwZiVDMyVCQ3IlMjBlaW5lbiUyMGV0d2FpZ2VuJTIwV2VydHZlcmx1c3QlMjBkZXIlMjBXYXJlJTIwbnVyJTIwYXVma29tbWVuJTJDJTIwd2VubiUyMGRpZXNlciUyMFdlcnR2ZXJsdXN0JTIwYXVmJTIwZWluZW4lMjB6dXIlMjBQciVDMyVCQ2Z1bmclMjBkZXIlMjBCZXNjaGFmZmVuaGVpdCUyQyUyMEVpZ2Vuc2NoYWZ0ZW4lMjB1bmQlMjBGdW5rdGlvbnN3ZWlzZSUyMGRlciUyMFdhcmVuJTIwbmljaHQlMjBub3R3ZW5kaWdlbiUyMFVtZ2FuZyUyMG1pdCUyMGRpZXNlbiUyMHp1ciVDMyVCQ2NrenVmJUMzJUJDaHJlbiUyMGlzdC4lMjIlN0QlNUQlN0QlMkMlN0IlMjIwJTIyJTNBJTdCJTIydHlwZSUyMiUzQSUyMnBhcmFncmFwaCUyMiUyQyUyMmFsaWduJTIyJTNBJTIybGVmdCUyMiUyQyUyMmNoaWxkcmVuJTIyJTNBJTVCJTdCJTIydGV4dCUyMiUzQSUyMkRlciUyMEt1bmRlJTIwbXVzcyUyMHNpY2glMjBiZW0lQzMlQkNoZW4lMkMlMjBkaWUlMjBQcm9kdWt0ZSUyMGltJTIwT3JpZ2luYWx6dXN0YW5kJTJDJTIwb3JpZ2luYWwlMjB2ZXJwYWNrdCUyMHp1ciVDMyVCQ2NrenVzZW5kZW4lMjB1bmQlMjBkZW4lMjBQcm9kdWt0ZW4lMjBtdXNzJTIwZGVyJTIwUiVDMyVCQ2Nrc2VuZGVzY2hlaW4lMjBiZWlnZWYlQzMlQkNndCUyMHdlcmRlbi4lMjIlN0QlNUQlN0QlMkMlMjJ0eXBlJTIyJTNBJTIycGFyYWdyYXBoJTIyJTJDJTIyYWxpZ24lMjIlM0ElMjJsZWZ0JTIyJTJDJTIyY2hpbGRyZW4lMjIlM0ElNUIlN0IlMjJ0ZXh0JTIyJTNBJTIyRGVyJTIwS3VuZGUlMjBtdXNzJTIwc2ljaCUyMGJlbSVDMyVCQ2hlbiUyQyUyMGRpZSUyMFByb2R1a3RlJTIwaW0lMjBPcmlnaW5hbHp1c3RhbmQlMkMlMjBvcmlnaW5hbCUyMHZlcnBhY2t0JTIwenVyJUMzJUJDY2t6dXNlbmRlbiUyMHVuZCUyMGRlbiUyMFByb2R1a3RlbiUyMG11c3MlMjBkZXIlMjBSJUMzJUJDY2tzZW5kZXNjaGVpbiUyMGJlaWdlZiVDMyVCQ2d0JTIwd2VyZGVuLiUyMiU3RCU1RCU3RCUyQyU3QiUyMjAlMjIlM0ElN0IlMjJ0eXBlJTIyJTNBJTIycGFyYWdyYXBoJTIyJTJDJTIyYWxpZ24lMjIlM0ElMjJsZWZ0JTIyJTJDJTIyY2hpbGRyZW4lMjIlM0ElNUIlN0IlMjJ0eXBlJTIyJTNBJTIybGluayUyMiUyQyUyMnVybCUyMiUzQSUyMmh0dHAlM0ElMkYlMkZ5dm9ubmVzc2NobXVja21hbnVmYWt0dXIuY29tJTJGV2llZGVycnVmc2Zvcm11bGFyLnBkZiUyMiUyQyUyMmlzRXh0ZXJuYWwlMjIlM0F0cnVlJTJDJTIyY2hpbGRyZW4lMjIlM0ElNUIlN0IlMjJ0ZXh0JTIyJTNBJTIyV2lkZXJydWZzZm9ybXVsYXIlMjIlN0QlNUQlN0QlNUQlN0QlMkMlMjJ0eXBlJTIyJTNBJTIycGFyYWdyYXBoJTIyJTJDJTIyYWxpZ24lMjIlM0ElMjJsZWZ0JTIyJTJDJTIyY2hpbGRyZW4lMjIlM0ElNUIlN0IlMjJ0ZXh0JTIyJTNBJTIyJTIyJTdEJTJDJTdCJTIydHlwZSUyMiUzQSUyMmxpbmslMjIlMkMlMjJ1cmwlMjIlM0ElMjJodHRwJTNBJTJGJTJGeXZvbm5lc3NjaG11Y2ttYW51ZmFrdHVyLmNvbSUyRldpZWRlcnJ1ZnNmb3JtdWxhci5wZGYlMjIlMkMlMjJpc0V4dGVybmFsJTIyJTNBdHJ1ZSUyQyUyMmNoaWxkcmVuJTIyJTNBJTVCJTdCJTIydGV4dCUyMiUzQSUyMldpZGVycnVmc2Zvcm11bGFyJTIyJTdEJTVEJTdEJTJDJTdCJTIydGV4dCUyMiUzQSUyMiUyMiU3RCU1RCU3RCU1RA==\"><a href=\"http:\/\/yvonnesschmuckmanufaktur.com\/Wiederrufsformular.pdf\" target=\"_blank\" rel=\"noopener noreferrer\" data-slate-node=\"element\" data-slate-inline=\"true\">Widerrufsformular<\/a><\/p>","protected":false},"excerpt":{"rendered":"<p>Widerrufsrecht Schlie\u00dfen Sie als Verbraucher einen Vertrag ab, steht Ihnen das Recht zu, diesen ohne Angaben von Gr\u00fcnden innerhalb der gesetzlichen Widerrufsfrist zu widerrufen. Die Widerrufsfrist betr\u00e4gt 14 Tage ab dem Tag, an dem Sie oder ein von Ihnen benannter Dritter, der nicht der Bef\u00f6rderer ist, die Ware in Besitz genommen hat. Um Ihr Widerrufsrecht [&hellip;]<\/p>","protected":false},"author":2,"featured_media":0,"parent":0,"menu_order":0,"comment_status":"closed","ping_status":"closed","template":"","meta":{"_themeisle_gutenberg_block_has_review":false,"footnotes":""},"jetpack_sharing_enabled":true,"_links":{"self":[{"href":"https:\/\/yvisdesign.com\/en\/wp-json\/wp\/v2\/pages\/442"}],"collection":[{"href":"https:\/\/yvisdesign.com\/en\/wp-json\/wp\/v2\/pages"}],"about":[{"href":"https:\/\/yvisdesign.com\/en\/wp-json\/wp\/v2\/types\/page"}],"author":[{"embeddable":true,"href":"https:\/\/yvisdesign.com\/en\/wp-json\/wp\/v2\/users\/2"}],"replies":[{"embeddable":true,"href":"https:\/\/yvisdesign.com\/en\/wp-json\/wp\/v2\/comments?post=442"}],"version-history":[{"count":4,"href":"https:\/\/yvisdesign.com\/en\/wp-json\/wp\/v2\/pages\/442\/revisions"}],"predecessor-version":[{"id":5557,"href":"https:\/\/yvisdesign.com\/en\/wp-json\/wp\/v2\/pages\/442\/revisions\/5557"}],"wp:attachment":[{"href":"https:\/\/yvisdesign.com\/en\/wp-json\/wp\/v2\/media?parent=442"}],"curies":[{"name":"wp","href":"https:\/\/api.w.org\/{rel}","templated":true}]}}