{"id":4944,"date":"2021-10-10T14:23:45","date_gmt":"2021-10-10T12:23:45","guid":{"rendered":"https:\/\/yvisdesign.com\/?page_id=4944"},"modified":"2021-10-10T20:27:34","modified_gmt":"2021-10-10T18:27:34","slug":"pflegehinweise","status":"publish","type":"page","link":"https:\/\/yvisdesign.com\/en\/pflegehinweise\/","title":{"rendered":""},"content":{"rendered":"<div data-elementor-type=\"wp-page\" data-elementor-id=\"4944\" class=\"elementor elementor-4944\" data-elementor-post-type=\"page\">\n\t\t\t\t\t\t<section class=\"elementor-section elementor-top-section elementor-element elementor-element-a54fe7d elementor-section-boxed elementor-section-height-default elementor-section-height-default\" data-id=\"a54fe7d\" data-element_type=\"section\">\n\t\t\t\t\t\t<div class=\"elementor-container elementor-column-gap-default\">\n\t\t\t\t\t<div class=\"elementor-column elementor-col-100 elementor-top-column elementor-element elementor-element-180059b\" data-id=\"180059b\" data-element_type=\"column\">\n\t\t\t<div class=\"elementor-widget-wrap elementor-element-populated\">\n\t\t\t\t\t\t<div class=\"elementor-element elementor-element-f5fe9a9 elementor-widget elementor-widget-text-editor\" data-id=\"f5fe9a9\" data-element_type=\"widget\" data-widget_type=\"text-editor.default\">\n\t\t\t\t<div class=\"elementor-widget-container\">\n\t\t\t\t\t\t\t<h2><span style=\"color: #;\"e1c80f>\u00a0<\/span>Material and care instructions<\/h2>\t\t\t\t\t\t<\/div>\n\t\t\t\t<\/div>\n\t\t\t\t\t<\/div>\n\t\t<\/div>\n\t\t\t\t\t<\/div>\n\t\t<\/section>\n\t\t\t\t<section class=\"elementor-section elementor-top-section elementor-element elementor-element-2b8e444a elementor-section-boxed elementor-section-height-default elementor-section-height-default\" data-id=\"2b8e444a\" data-element_type=\"section\">\n\t\t\t\t\t\t<div class=\"elementor-container elementor-column-gap-default\">\n\t\t\t\t\t<div class=\"elementor-column elementor-col-100 elementor-top-column elementor-element elementor-element-7bae5e7a\" data-id=\"7bae5e7a\" data-element_type=\"column\">\n\t\t\t<div class=\"elementor-widget-wrap elementor-element-populated\">\n\t\t\t\t\t\t<div class=\"elementor-element elementor-element-670fea38 elementor-widget elementor-widget-text-editor\" data-id=\"670fea38\" data-element_type=\"widget\" data-widget_type=\"text-editor.default\">\n\t\t\t\t<div class=\"elementor-widget-container\">\n\t\t\t\t\t\t\t<p><!-- wp:paragraph --><\/p><p>Semiprecious stones and gold-plated jewelry are  very delicate, and because of their sensitivity they're also called little divas. Since YvisDesign hand manufactures it's jewelry and the alloy of the gold-plated pieces of jewelry is made of 925 silver, so only the surface is coated with gold. Since we want your piece of jewelry to retain its beauty for a long time, please use the following care instruction.<\/p><p><!-- \/wp:paragraph --><\/p><p><!-- wp:paragraph --><\/p><p>The gold-plated jewelry and the jewelry made with semiprecious stones should not be worn while bathing, showering, exercising, sauna, doing house work or gardening. The gold plating reacts to abrasion and oxidation and is thus removed by friction and contact with other materials. Furthermore, if you sweat heavily, you should refrain from wearing gold-plated jewelry.<\/p><p><!-- \/wp:paragraph --><\/p><p><!-- wp:paragraph --><\/p><p>Gold abrasion can also result from the use of creams (e.g. hand creams), hairspray, perfumes, make-up, washing or cleaning agents and disinfectants are attacked. These substances can change the appearance and effectiveness of the semiprecious stones.<\/p><p><!-- \/wp:paragraph --><\/p><p><!-- wp:paragraph --><\/p><p>If a gold-plated piece of jewelry becomes contaminated or tarnished, it can be cleaned but very carefully, so the gold plating isn't removed. Very important not to use a silver cleaning cloth or a jewelry cleaning bath! These are absolutely taboo for gold-plated jewelry. Please use lukewarm soapy water for gold-plated jewelry. After carefully cleaning the piece of jewelry , place on a towel to air dry or carefully dry with a hair dryer on medium heat. After it is dry the piece of jewelry can be carefully polished with a dry, soft microfiber cloth, with the exception of structured and matt surfaces. A dry -cleaning cloth for glasses is also very suitable for polishing.<\/p><p><!-- \/wp:paragraph --><\/p><p><!-- wp:paragraph --><\/p><p>To keep the jewelry from tarnishing, it should be kept dry, as airtight as possible and protected from the sunlight.<\/p><p><!-- \/wp:paragraph --><\/p><p><!-- wp:paragraph --><\/p><p>Silver jewelry reacts to oxidation, which can also take place through skin exhalation. When taking medication or due to toxins in the body, the jewelry can tarnish.<\/p><p><!-- \/wp:paragraph --><\/p><p><!-- wp:paragraph --><\/p><p>Silver is an alloy that consists of a relatively soft material and is therefore easier to bend than gold or platinum. Please treat every piece of jewelry carefully so that it remains in its full beauty for as long as possible.<\/p><p><!-- \/wp:paragraph --><\/p><p><!-- wp:paragraph --><\/p><p>Jewelry with semiprecious-healing stones are very delicate. For cleaning place in full moon light or a charging stone base. They should be kept away from the materials\/products stated above.<\/p><p><!-- \/wp:paragraph --><\/p><p><!-- wp:paragraph --><\/p><p>Enjoy wearing your hand manufactured jewelry made with love.<\/p><p><!-- \/wp:paragraph --><\/p>\t\t\t\t\t\t<\/div>\n\t\t\t\t<\/div>\n\t\t\t\t\t<\/div>\n\t\t<\/div>\n\t\t\t\t\t<\/div>\n\t\t<\/section>\n\t\t\t\t<\/div>","protected":false},"excerpt":{"rendered":"<p>\u00a0Materialbeschreibung-Pflegehinweise Halbedelsteine und vergoldete Schmuckst\u00fccke sind sehr empfindlich, man kann sie aufgrund ihrer Empfindlichkeit auch als kleine Diven bezeichnen. Da YvisDesign die Schmuckst\u00fccke in Handarbeit herstellt und die Legierung der vergoldeten St\u00fccke aus 925er Silber besteht, somit lediglich die Oberfl\u00e4che mit Gold \u00fcberzogen ist, und wir uns w\u00fcnschen, dass Ihr Schmuckst\u00fcck lange seine Sch\u00f6nheit bewahrt, [&hellip;]<\/p>","protected":false},"author":2,"featured_media":0,"parent":0,"menu_order":0,"comment_status":"closed","ping_status":"closed","template":"","meta":{"_themeisle_gutenberg_block_has_review":false,"footnotes":""},"jetpack_sharing_enabled":true,"_links":{"self":[{"href":"https:\/\/yvisdesign.com\/en\/wp-json\/wp\/v2\/pages\/4944"}],"collection":[{"href":"https:\/\/yvisdesign.com\/en\/wp-json\/wp\/v2\/pages"}],"about":[{"href":"https:\/\/yvisdesign.com\/en\/wp-json\/wp\/v2\/types\/page"}],"author":[{"embeddable":true,"href":"https:\/\/yvisdesign.com\/en\/wp-json\/wp\/v2\/users\/2"}],"replies":[{"embeddable":true,"href":"https:\/\/yvisdesign.com\/en\/wp-json\/wp\/v2\/comments?post=4944"}],"version-history":[{"count":19,"href":"https:\/\/yvisdesign.com\/en\/wp-json\/wp\/v2\/pages\/4944\/revisions"}],"predecessor-version":[{"id":4988,"href":"https:\/\/yvisdesign.com\/en\/wp-json\/wp\/v2\/pages\/4944\/revisions\/4988"}],"wp:attachment":[{"href":"https:\/\/yvisdesign.com\/en\/wp-json\/wp\/v2\/media?parent=4944"}],"curies":[{"name":"wp","href":"https:\/\/api.w.org\/{rel}","templated":true}]}}