{"id":139,"date":"2020-06-09T18:36:51","date_gmt":"2020-06-09T16:36:51","guid":{"rendered":"https:\/\/yvisdesign.com\/?post_type=product&#038;p=139"},"modified":"2020-06-09T18:36:51","modified_gmt":"2020-06-09T16:36:51","slug":"herren-armband-schneeflocken-obsidian-steine-mit-engelsfluegel","status":"publish","type":"product","link":"https:\/\/yvisdesign.com\/en\/product\/herren-armband-schneeflocken-obsidian-steine-mit-engelsfluegel\/","title":{"rendered":"Herren Armband Schneeflocken Obsidian Steine mit Engelsfl\u00fcgel"},"content":{"rendered":"","protected":false},"excerpt":{"rendered":"<p>Dieses wundersch\u00f6ne Schutzengelarmband, besteht aus 6 mm gro\u00dfen Schneeflocken Obsidian Kugeln, die auf einem 0,7 mm dicken, elastischen Band gef\u00e4delt sind. Es ist ein Engelsfl\u00fcgel eingearbeitet. Dieser ist 20 x 7 mm gro\u00dfund aus 925 gl\u00e4nzenden Silber. Den Abschluss bildet eine 4 mm gro\u00dfe Silber Kugel. Jedes Schmuckst\u00fcck wird mit dem Herzen entworfen und in liebevoller Handarbeit erstellt.<\/p>\n<p>+ Versandkosten<\/p>","protected":false},"featured_media":140,"template":"","meta":{"_themeisle_gutenberg_block_has_review":false},"product_cat":[21],"product_tag":[],"jetpack_sharing_enabled":true,"_links":{"self":[{"href":"https:\/\/yvisdesign.com\/en\/wp-json\/wp\/v2\/product\/139"}],"collection":[{"href":"https:\/\/yvisdesign.com\/en\/wp-json\/wp\/v2\/product"}],"about":[{"href":"https:\/\/yvisdesign.com\/en\/wp-json\/wp\/v2\/types\/product"}],"wp:featuredmedia":[{"embeddable":true,"href":"https:\/\/yvisdesign.com\/en\/wp-json\/wp\/v2\/media\/140"}],"wp:attachment":[{"href":"https:\/\/yvisdesign.com\/en\/wp-json\/wp\/v2\/media?parent=139"}],"wp:term":[{"taxonomy":"product_cat","embeddable":true,"href":"https:\/\/yvisdesign.com\/en\/wp-json\/wp\/v2\/product_cat?post=139"},{"taxonomy":"product_tag","embeddable":true,"href":"https:\/\/yvisdesign.com\/en\/wp-json\/wp\/v2\/product_tag?post=139"}],"curies":[{"name":"wp","href":"https:\/\/api.w.org\/{rel}","templated":true}]}}