{"id":1404,"date":"2020-09-03T20:44:04","date_gmt":"2020-09-03T18:44:04","guid":{"rendered":"https:\/\/yvisdesign.com\/?post_type=product&#038;p=1404"},"modified":"2021-01-31T18:37:00","modified_gmt":"2021-01-31T17:37:00","slug":"golden-lavaprincess","status":"publish","type":"product","link":"https:\/\/yvisdesign.com\/en\/product\/golden-lavaprincess\/","title":{"rendered":"Golden Lavaprincess"},"content":{"rendered":"","protected":false},"excerpt":{"rendered":"<p>Dieses wundersch\u00f6ne Lava Armband besteht aus 8 mm gro\u00dfen Lava Kugeln, die auf einem 0,7 mm dicken, elastischen Band gef\u00e4delt sind. Im Wechsel mit den Lavakugeln sind 3 mm gro\u00dfe diamantierte, vergoldete 925er Silberkugeln eingearbeitet. Den Abschluss bildet eine 4 mm gro\u00dfe Silberkugel. Jedes Schmuckst\u00fcck wird mit dem Herzen entworfen und in liebevoller Handarbeit erstellt.<\/p>","protected":false},"featured_media":1437,"template":"","meta":{"_themeisle_gutenberg_block_has_review":false},"product_cat":[22],"product_tag":[33,41,36],"jetpack_sharing_enabled":true,"_links":{"self":[{"href":"https:\/\/yvisdesign.com\/en\/wp-json\/wp\/v2\/product\/1404"}],"collection":[{"href":"https:\/\/yvisdesign.com\/en\/wp-json\/wp\/v2\/product"}],"about":[{"href":"https:\/\/yvisdesign.com\/en\/wp-json\/wp\/v2\/types\/product"}],"wp:featuredmedia":[{"embeddable":true,"href":"https:\/\/yvisdesign.com\/en\/wp-json\/wp\/v2\/media\/1437"}],"wp:attachment":[{"href":"https:\/\/yvisdesign.com\/en\/wp-json\/wp\/v2\/media?parent=1404"}],"wp:term":[{"taxonomy":"product_cat","embeddable":true,"href":"https:\/\/yvisdesign.com\/en\/wp-json\/wp\/v2\/product_cat?post=1404"},{"taxonomy":"product_tag","embeddable":true,"href":"https:\/\/yvisdesign.com\/en\/wp-json\/wp\/v2\/product_tag?post=1404"}],"curies":[{"name":"wp","href":"https:\/\/api.w.org\/{rel}","templated":true}]}}