{"id":2104,"date":"2020-12-13T19:30:40","date_gmt":"2020-12-13T18:30:40","guid":{"rendered":"https:\/\/yvisdesign.com\/?post_type=product&#038;p=2104"},"modified":"2021-09-05T17:53:38","modified_gmt":"2021-09-05T15:53:38","slug":"schutzengel-band-2","status":"publish","type":"product","link":"https:\/\/yvisdesign.com\/en\/product\/schutzengel-band-2\/","title":{"rendered":"Guardian angel band: Archangel Raphael"},"content":{"rendered":"<p>The guardian angel band, Archangel Raphael, consists of a 20mm long angel wing made of 925 silver on which rock crystal, turquenite and lava balls are strung together. The balls are each about 6mm in size. The conclusion is a 4mm silver ball and a 6mm silver ring to which a satin ribbon is attached, with which the guardian angel band can be attached.<\/p>","protected":false},"excerpt":{"rendered":"<p>Das Schutzengel Band, Erzengel Raphael, besteht aus einem 20mm langen aus 925er Silber bestehenden Engelsfl\u00fcgel an den Bergkristall-, Turquenit- und Lava Kugeln aneinander gereiht sind. Die Kugeln sind jeweils ca. 6mm gro\u00df. Den Abschluss bildet eine 4mm gro\u00dfe Silberkugel und ein 6mm gro\u00dfer Silberring an dem ein Satinband angebracht ist, mit dem das Schutzengel Band [&hellip;]<\/p>","protected":false},"featured_media":4633,"template":"","meta":{"_themeisle_gutenberg_block_has_review":false},"product_cat":[59],"product_tag":[61,60],"jetpack_sharing_enabled":true,"_links":{"self":[{"href":"https:\/\/yvisdesign.com\/en\/wp-json\/wp\/v2\/product\/2104"}],"collection":[{"href":"https:\/\/yvisdesign.com\/en\/wp-json\/wp\/v2\/product"}],"about":[{"href":"https:\/\/yvisdesign.com\/en\/wp-json\/wp\/v2\/types\/product"}],"wp:featuredmedia":[{"embeddable":true,"href":"https:\/\/yvisdesign.com\/en\/wp-json\/wp\/v2\/media\/4633"}],"wp:attachment":[{"href":"https:\/\/yvisdesign.com\/en\/wp-json\/wp\/v2\/media?parent=2104"}],"wp:term":[{"taxonomy":"product_cat","embeddable":true,"href":"https:\/\/yvisdesign.com\/en\/wp-json\/wp\/v2\/product_cat?post=2104"},{"taxonomy":"product_tag","embeddable":true,"href":"https:\/\/yvisdesign.com\/en\/wp-json\/wp\/v2\/product_tag?post=2104"}],"curies":[{"name":"wp","href":"https:\/\/api.w.org\/{rel}","templated":true}]}}