{"id":2106,"date":"2020-12-13T19:32:08","date_gmt":"2020-12-13T18:32:08","guid":{"rendered":"https:\/\/yvisdesign.com\/?post_type=product&#038;p=2106"},"modified":"2021-09-05T17:52:15","modified_gmt":"2021-09-05T15:52:15","slug":"schutzengel-band-4","status":"publish","type":"product","link":"https:\/\/yvisdesign.com\/en\/product\/schutzengel-band-4\/","title":{"rendered":"Guardian angel band: St.Germain"},"content":{"rendered":"<p>The guardian angel band, Saint Germain, consists of a 20mm long angel wing made of 925 silver on which rock crystal, rose quartz and lapis lazuli balls are strung together. The balls are each about 6mm in size. The conclusion is a 4mm silver ball and a 6mm silver ring to which a satin ribbon is attached, with which the guardian angel band can be attached.<\/p>","protected":false},"excerpt":{"rendered":"<p>Das Schutzengel Band, Saint Germain, besteht aus einem 20mm langen aus 925er Silber bestehenden Engelsfl\u00fcgel an den Bergkristall-, Rosenquarz-, und Lapislazuli Kugeln aneinander gereiht sind. Die Kugeln sind jeweils ca. 6mm gro\u00df. Den Abschluss bildet eine 4mm gro\u00dfe Silberkugel und ein 6mm gro\u00dfer Silberring an dem ein Satinband angebracht ist, mit dem das Schutzengel Band [&hellip;]<\/p>","protected":false},"featured_media":4636,"template":"","meta":{"_themeisle_gutenberg_block_has_review":false},"product_cat":[59],"product_tag":[61,60],"jetpack_sharing_enabled":true,"_links":{"self":[{"href":"https:\/\/yvisdesign.com\/en\/wp-json\/wp\/v2\/product\/2106"}],"collection":[{"href":"https:\/\/yvisdesign.com\/en\/wp-json\/wp\/v2\/product"}],"about":[{"href":"https:\/\/yvisdesign.com\/en\/wp-json\/wp\/v2\/types\/product"}],"wp:featuredmedia":[{"embeddable":true,"href":"https:\/\/yvisdesign.com\/en\/wp-json\/wp\/v2\/media\/4636"}],"wp:attachment":[{"href":"https:\/\/yvisdesign.com\/en\/wp-json\/wp\/v2\/media?parent=2106"}],"wp:term":[{"taxonomy":"product_cat","embeddable":true,"href":"https:\/\/yvisdesign.com\/en\/wp-json\/wp\/v2\/product_cat?post=2106"},{"taxonomy":"product_tag","embeddable":true,"href":"https:\/\/yvisdesign.com\/en\/wp-json\/wp\/v2\/product_tag?post=2106"}],"curies":[{"name":"wp","href":"https:\/\/api.w.org\/{rel}","templated":true}]}}