{"id":3718,"date":"2021-02-25T19:37:46","date_gmt":"2021-02-25T18:37:46","guid":{"rendered":"https:\/\/yvisdesign.com\/?post_type=product&#038;p=3718"},"modified":"2025-11-09T17:45:31","modified_gmt":"2025-11-09T16:45:31","slug":"springtime","status":"publish","type":"product","link":"https:\/\/yvisdesign.com\/en\/product\/springtime\/","title":{"rendered":"Springtime &#8211; Preis auf Anfrage"},"content":{"rendered":"<p>Preis auf Anfrage!<\/p>\n<p>Ma\u00dfe: 120 x 120 x 3 cm<\/p>","protected":false},"excerpt":{"rendered":"<p>Abstrakt in T\u00fcrkis gr\u00fcn, pink und Gold T\u00f6nen.<\/p>\n<p>Ma\u00dfe 120 x 120 x 3 cm<\/p>","protected":false},"featured_media":3717,"template":"","meta":{"_themeisle_gutenberg_block_has_review":false},"product_cat":[24],"product_tag":[],"jetpack_sharing_enabled":true,"_links":{"self":[{"href":"https:\/\/yvisdesign.com\/en\/wp-json\/wp\/v2\/product\/3718"}],"collection":[{"href":"https:\/\/yvisdesign.com\/en\/wp-json\/wp\/v2\/product"}],"about":[{"href":"https:\/\/yvisdesign.com\/en\/wp-json\/wp\/v2\/types\/product"}],"wp:featuredmedia":[{"embeddable":true,"href":"https:\/\/yvisdesign.com\/en\/wp-json\/wp\/v2\/media\/3717"}],"wp:attachment":[{"href":"https:\/\/yvisdesign.com\/en\/wp-json\/wp\/v2\/media?parent=3718"}],"wp:term":[{"taxonomy":"product_cat","embeddable":true,"href":"https:\/\/yvisdesign.com\/en\/wp-json\/wp\/v2\/product_cat?post=3718"},{"taxonomy":"product_tag","embeddable":true,"href":"https:\/\/yvisdesign.com\/en\/wp-json\/wp\/v2\/product_tag?post=3718"}],"curies":[{"name":"wp","href":"https:\/\/api.w.org\/{rel}","templated":true}]}}