{"id":5013,"date":"2021-10-19T13:10:41","date_gmt":"2021-10-19T11:10:41","guid":{"rendered":"https:\/\/yvisdesign.com\/?post_type=product&#038;p=5013"},"modified":"2025-11-08T10:58:22","modified_gmt":"2025-11-08T09:58:22","slug":"5013","status":"publish","type":"product","link":"https:\/\/yvisdesign.com\/en\/product\/5013\/","title":{"rendered":"Heart Charm"},"content":{"rendered":"","protected":false},"excerpt":{"rendered":"<p style=\"text-align: center;\">Dieses wundersch\u00f6ne Armband besteht aus 6 mm gro\u00dfen, Schungit Kugeln, die auf einem 0,7 mm dicken, elastischen Band gef\u00e4delt sind. Es ist ein Heart eingearbeitet. Dieser ist 8 mm gro\u00df, besteht aus vergoldetem 925er silber. Jedes Schmuckst\u00fcck wird mit dem Herzen entworfen und in liebevoller Handarbeit erstellt.<\/p>","protected":false},"featured_media":5009,"template":"","meta":{"_themeisle_gutenberg_block_has_review":false},"product_cat":[22,205,206],"product_tag":[33,34,58,134],"jetpack_sharing_enabled":true,"_links":{"self":[{"href":"https:\/\/yvisdesign.com\/en\/wp-json\/wp\/v2\/product\/5013"}],"collection":[{"href":"https:\/\/yvisdesign.com\/en\/wp-json\/wp\/v2\/product"}],"about":[{"href":"https:\/\/yvisdesign.com\/en\/wp-json\/wp\/v2\/types\/product"}],"wp:featuredmedia":[{"embeddable":true,"href":"https:\/\/yvisdesign.com\/en\/wp-json\/wp\/v2\/media\/5009"}],"wp:attachment":[{"href":"https:\/\/yvisdesign.com\/en\/wp-json\/wp\/v2\/media?parent=5013"}],"wp:term":[{"taxonomy":"product_cat","embeddable":true,"href":"https:\/\/yvisdesign.com\/en\/wp-json\/wp\/v2\/product_cat?post=5013"},{"taxonomy":"product_tag","embeddable":true,"href":"https:\/\/yvisdesign.com\/en\/wp-json\/wp\/v2\/product_tag?post=5013"}],"curies":[{"name":"wp","href":"https:\/\/api.w.org\/{rel}","templated":true}]}}