{"id":4968,"date":"2021-10-10T19:59:01","date_gmt":"2021-10-10T17:59:01","guid":{"rendered":"https:\/\/yvisdesign.com\/?page_id=4968"},"modified":"2021-10-10T20:03:55","modified_gmt":"2021-10-10T18:03:55","slug":"elementor-4968","status":"publish","type":"page","link":"https:\/\/yvisdesign.com\/es\/elementor-4968\/","title":{"rendered":"Material-Pflegehinweise"},"content":{"rendered":"<div data-elementor-type=\"wp-page\" data-elementor-id=\"4968\" class=\"elementor elementor-4968\" data-elementor-post-type=\"page\">\n\t\t\t\t\t\t<section class=\"elementor-section elementor-top-section elementor-element elementor-element-220f548 elementor-section-boxed elementor-section-height-default elementor-section-height-default\" data-id=\"220f548\" data-element_type=\"section\">\n\t\t\t\t\t\t<div class=\"elementor-container elementor-column-gap-default\">\n\t\t\t\t\t<div class=\"elementor-column elementor-col-100 elementor-top-column elementor-element elementor-element-095b99e\" data-id=\"095b99e\" data-element_type=\"column\">\n\t\t\t<div class=\"elementor-widget-wrap elementor-element-populated\">\n\t\t\t\t\t\t<div class=\"elementor-element elementor-element-22683dc elementor-widget elementor-widget-text-editor\" data-id=\"22683dc\" data-element_type=\"widget\" data-widget_type=\"text-editor.default\">\n\t\t\t\t<div class=\"elementor-widget-container\">\n\t\t\t\t\t\t\t<p>Las piedras semipreciosas y las piezas de joyer\u00eda ba\u00f1adas en oro son muy delicadas, por su sensibilidad tambi\u00e9n se las puede llamar peque\u00f1as divas. Dado que YvisDesign produce las piezas de joyer\u00eda a mano y la aleaci\u00f3n de las piezas chapadas en oro est\u00e1 hecha de plata 925, por lo que solo la superficie est\u00e1 recubierta de oro, y queremos que su pieza de joyer\u00eda conserve su belleza durante mucho tiempo, le transmitimos las siguientes instrucciones de cuidado:<\/p><p>\u00a0<\/p><p>\u00a0<\/p><p>Las joyas hechas con piedras semipreciosas no deben usares mientras se ba\u00f1a, se ducha, se ejercita, se hace sauna, se hacen tareas dom\u00e9sticas o se hace jardiner\u00eda. El ba\u00f1o de oro reacciona a la abrasi\u00f3n y la oxidaci\u00f3n y, por lo tanto, se elimina por fricci\u00f3n y contacto con otros materiales. Adem\u00e1s, si suda mucho, debe abstenerse de usar joyas chapadas en oro.<\/p><p>\u00a0<\/p><p>\u00a0<\/p><p>El ba\u00f1o de oro tambi\u00e9n puede resultar da\u00f1ado por el uso de cremas (por ejemplo, cremas de manos), lacas para el cabello, perfumes, maquillaje, lavado o por los productos de limpieza y los desinfectantes. Estas sustancias pueden cambiar el aspecto y la eficacia de las piedras semipreciosas.<\/p><p>\u00a0<\/p><p>\u00a0<\/p><p>Si una joya chapada en oro est\u00e1 contaminada o manchada, se puede limpiar con cuidado, pero tenga mucho cuidado para que no se retire el chapado en oro. Sin embargo, no se puede utilizar un pa\u00f1o de limpieza de joyas. Estros son absolutamente tab\u00fa para las joyas chapadas en oro. Utilice agua tibia con jab\u00f3n para las joyas con ba\u00f1o de oro. Despu\u00e9s de la limpieza, la joya debe enjuagare con abundante agua, colocarse sobre una toalla y dejar secar o secar con un secador de pelo a temperatura media. Ahora la joya se puede pulir cuidadosamente con un pa\u00f1o de microfibra suave y seco, a excepci\u00f3n de las superficies estructuradas y mates. Un pa\u00f1o de limpieza en seco para vasos tambi\u00e9n es muy adecuado para pulir.<\/p><p>\u00a0<\/p><p>\u00a0<\/p><p>Para evitar que las piezas de joyer\u00eda se empa\u00f1en, deben mantenerse secas, lo m\u00e1s herm\u00e9ticas posible y protegidas del sol.<\/p><p>Las joyas de plata reaccionan a la oxidaci\u00f3n, que tambi\u00e9n puede ocurrir a trav\u00e9s de la exhalaci\u00f3n de la piel. Al tomar medicamentos o debido a toxinas en el cuerpo, las joyas pueden empa\u00f1arse.<\/p><p>La plata es una aleaci\u00f3n que consta de un material relativamente blando y, por lo tanto, es m\u00e1s f\u00e1cil de doblar que el oro o el platino. Trate cada joya con cuidado para que permanezca en toda su belleza durante mucho tiempo.<\/p><p>\u00a0<\/p><p>\u00a0<\/p><p>Las joyas con piedras semipreciosas son muy delicadas. Col\u00f3quelo a la luz de la luna llena o en un desag\u00fce de piedra para limpiarlo. Como se indica en la secci\u00f3n anterior de los materiales\/productos anteriores.<\/p><p>\u00a0<\/p><p>\u00a0<\/p><p>Divi\u00e9rtase usando tu joya hecha con amor.<\/p>\t\t\t\t\t\t<\/div>\n\t\t\t\t<\/div>\n\t\t\t\t\t<\/div>\n\t\t<\/div>\n\t\t\t\t\t<\/div>\n\t\t<\/section>\n\t\t\t\t<\/div>","protected":false},"excerpt":{"rendered":"<p>Halbedelsteine und vergoldete Schmuckst\u00fccke sind sehr empfindlich, man kann sie aufgrund ihrer Empfindlichkeit auch als kleine Diven bezeichnen. Da YvisDesign die Schmuckst\u00fccke in Handarbeit herstellt und die Legierung der vergoldeten St\u00fccke aus 925er Silber besteht, somit lediglich die Oberfl\u00e4che mit Gold \u00fcberzogen ist, und wir uns w\u00fcnschen, dass Ihr Schmuckst\u00fcck lange seine Sch\u00f6nheit bewahrt, geben [&hellip;]<\/p>","protected":false},"author":2,"featured_media":0,"parent":0,"menu_order":0,"comment_status":"closed","ping_status":"closed","template":"","meta":{"_themeisle_gutenberg_block_has_review":false,"footnotes":""},"jetpack_sharing_enabled":true,"_links":{"self":[{"href":"https:\/\/yvisdesign.com\/es\/wp-json\/wp\/v2\/pages\/4968"}],"collection":[{"href":"https:\/\/yvisdesign.com\/es\/wp-json\/wp\/v2\/pages"}],"about":[{"href":"https:\/\/yvisdesign.com\/es\/wp-json\/wp\/v2\/types\/page"}],"author":[{"embeddable":true,"href":"https:\/\/yvisdesign.com\/es\/wp-json\/wp\/v2\/users\/2"}],"replies":[{"embeddable":true,"href":"https:\/\/yvisdesign.com\/es\/wp-json\/wp\/v2\/comments?post=4968"}],"version-history":[{"count":5,"href":"https:\/\/yvisdesign.com\/es\/wp-json\/wp\/v2\/pages\/4968\/revisions"}],"predecessor-version":[{"id":4975,"href":"https:\/\/yvisdesign.com\/es\/wp-json\/wp\/v2\/pages\/4968\/revisions\/4975"}],"wp:attachment":[{"href":"https:\/\/yvisdesign.com\/es\/wp-json\/wp\/v2\/media?parent=4968"}],"curies":[{"name":"wp","href":"https:\/\/api.w.org\/{rel}","templated":true}]}}