{"id":59,"date":"2020-06-06T20:46:29","date_gmt":"2020-06-06T18:46:29","guid":{"rendered":"https:\/\/yvisdesign.com\/?page_id=59"},"modified":"2026-01-14T12:44:34","modified_gmt":"2026-01-14T11:44:34","slug":"my-passion","status":"publish","type":"page","link":"https:\/\/yvisdesign.com\/es\/my-passion\/","title":{"rendered":"Mi pasi\u00f3n"},"content":{"rendered":"<div data-elementor-type=\"wp-page\" data-elementor-id=\"59\" class=\"elementor elementor-59\" data-elementor-post-type=\"page\">\n\t\t\t\t\t\t<section class=\"elementor-section elementor-top-section elementor-element elementor-element-b376dd4 elementor-section-boxed elementor-section-height-default elementor-section-height-default\" data-id=\"b376dd4\" data-element_type=\"section\" data-settings=\"{&quot;background_background&quot;:&quot;slideshow&quot;,&quot;background_slideshow_gallery&quot;:[{&quot;id&quot;:534,&quot;url&quot;:&quot;https:\\\/\\\/yvisdesign.com\\\/wp-content\\\/uploads\\\/2020\\\/07\\\/Wasser-Tu\\u0308rkis.jpg&quot;}],&quot;background_slideshow_loop&quot;:&quot;yes&quot;,&quot;background_slideshow_slide_duration&quot;:5000,&quot;background_slideshow_slide_transition&quot;:&quot;fade&quot;,&quot;background_slideshow_transition_duration&quot;:500}\">\n\t\t\t\t\t\t<div class=\"elementor-container elementor-column-gap-default\">\n\t\t\t\t\t<div class=\"elementor-column elementor-col-100 elementor-top-column elementor-element elementor-element-2f04059\" data-id=\"2f04059\" data-element_type=\"column\">\n\t\t\t<div class=\"elementor-widget-wrap elementor-element-populated\">\n\t\t\t\t\t\t<div class=\"elementor-element elementor-element-8a91d5a elementor-widget elementor-widget-text-editor\" data-id=\"8a91d5a\" data-element_type=\"widget\" data-widget_type=\"text-editor.default\">\n\t\t\t\t<div class=\"elementor-widget-container\">\n\t\t\t\t\t\t\t<h1 style=\"text-align: center;\"><span style=\"color: #ffffff;\">Mi pasi\u00f3n<\/span><\/h1>\t\t\t\t\t\t<\/div>\n\t\t\t\t<\/div>\n\t\t\t\t\t<\/div>\n\t\t<\/div>\n\t\t\t\t\t<\/div>\n\t\t<\/section>\n\t\t\t\t<section class=\"elementor-section elementor-top-section elementor-element elementor-element-4a1c4d2 elementor-section-boxed elementor-section-height-default elementor-section-height-default\" data-id=\"4a1c4d2\" data-element_type=\"section\">\n\t\t\t\t\t\t<div class=\"elementor-container elementor-column-gap-default\">\n\t\t\t\t\t<div class=\"elementor-column elementor-col-66 elementor-top-column elementor-element elementor-element-2b00efe\" data-id=\"2b00efe\" data-element_type=\"column\">\n\t\t\t<div class=\"elementor-widget-wrap elementor-element-populated\">\n\t\t\t\t\t\t<div class=\"elementor-element elementor-element-d08fb28 elementor-widget elementor-widget-text-editor\" data-id=\"d08fb28\" data-element_type=\"widget\" data-widget_type=\"text-editor.default\">\n\t\t\t\t<div class=\"elementor-widget-container\">\n\t\t\t\t\t\t\t<h3 style=\"text-align: center;\"><span style=\"color: #c99e67;\">Me inspiro...<\/span><\/h3><p style=\"text-align: center;\">&#8230;von meinen Reisen, der Natur, vom Meer und seinen Sch\u00e4tzen&#8230;<\/p><p>Seid ich denken kann liebe ich Frben, die vielen Farbfacetten des Lichts und der Natur. Schon w\u00e4hrend meiner Schulzeit habe ich meine Gef\u00fchle und Gedanken in Bildern ausgedr\u00fcckt.<\/p><p>Meine Eltern sind immer mit uns gereist und so habe ich bereits mit 17 Jahren meine erste Fernreise ohne meine Eltern nach Mauritius unternommen und auch meinen ersten Kunstkurs belegt.Neben dem Reisen und das Leben und arbeiten in 4 verschiedenen L\u00e4ndern hat mich der Leistungssport sehr gepr\u00e4gt. Meine Jugend habe ich \u00fcberwiegend auf dieversen Tennispl\u00e4tzen in Deutschland verbracht.<\/p>\t\t\t\t\t\t<\/div>\n\t\t\t\t<\/div>\n\t\t\t\t\t<\/div>\n\t\t<\/div>\n\t\t\t\t<div class=\"elementor-column elementor-col-33 elementor-top-column elementor-element elementor-element-2b9e8e9\" data-id=\"2b9e8e9\" data-element_type=\"column\">\n\t\t\t<div class=\"elementor-widget-wrap elementor-element-populated\">\n\t\t\t\t\t\t<div class=\"elementor-element elementor-element-76b5d6e elementor-widget__width-initial elementor-widget elementor-widget-image\" data-id=\"76b5d6e\" data-element_type=\"widget\" data-widget_type=\"image.default\">\n\t\t\t\t<div class=\"elementor-widget-container\">\n\t\t\t\t\t\t\t\t\t\t\t\t\t<img fetchpriority=\"high\" decoding=\"async\" width=\"707\" height=\"849\" src=\"https:\/\/yvisdesign.com\/wp-content\/uploads\/2024\/10\/4fb8f8fe-b753-4eb3-9ecd-c0723fb03fb2.jpg\" class=\"attachment-1536x1536 size-1536x1536 wp-image-6246\" alt=\"\" srcset=\"https:\/\/yvisdesign.com\/wp-content\/uploads\/2024\/10\/4fb8f8fe-b753-4eb3-9ecd-c0723fb03fb2.jpg 707w, https:\/\/yvisdesign.com\/wp-content\/uploads\/2024\/10\/4fb8f8fe-b753-4eb3-9ecd-c0723fb03fb2-250x300.jpg 250w, https:\/\/yvisdesign.com\/wp-content\/uploads\/2024\/10\/4fb8f8fe-b753-4eb3-9ecd-c0723fb03fb2-10x12.jpg 10w, https:\/\/yvisdesign.com\/wp-content\/uploads\/2024\/10\/4fb8f8fe-b753-4eb3-9ecd-c0723fb03fb2-600x721.jpg 600w\" sizes=\"(max-width: 707px) 100vw, 707px\" \/>\t\t\t\t\t\t\t\t\t\t\t\t\t<\/div>\n\t\t\t\t<\/div>\n\t\t\t\t\t<\/div>\n\t\t<\/div>\n\t\t\t\t\t<\/div>\n\t\t<\/section>\n\t\t\t\t<section class=\"elementor-section elementor-top-section elementor-element elementor-element-d24d211 elementor-section-boxed elementor-section-height-default elementor-section-height-default\" data-id=\"d24d211\" data-element_type=\"section\">\n\t\t\t\t\t\t<div class=\"elementor-container elementor-column-gap-default\">\n\t\t\t\t\t<div class=\"elementor-column elementor-col-33 elementor-top-column elementor-element elementor-element-4c0de29\" data-id=\"4c0de29\" data-element_type=\"column\">\n\t\t\t<div class=\"elementor-widget-wrap elementor-element-populated\">\n\t\t\t\t\t\t<div class=\"elementor-element elementor-element-6ddc8da elementor-widget elementor-widget-image\" data-id=\"6ddc8da\" data-element_type=\"widget\" data-widget_type=\"image.default\">\n\t\t\t\t<div class=\"elementor-widget-container\">\n\t\t\t\t\t\t\t\t\t\t\t\t\t<img decoding=\"async\" width=\"1097\" height=\"1210\" src=\"https:\/\/yvisdesign.com\/wp-content\/uploads\/2024\/10\/5870e686-1ce3-4b87-8895-17b291c6fc37.jpg\" class=\"attachment-1536x1536 size-1536x1536 wp-image-6257\" alt=\"\" srcset=\"https:\/\/yvisdesign.com\/wp-content\/uploads\/2024\/10\/5870e686-1ce3-4b87-8895-17b291c6fc37.jpg 1097w, https:\/\/yvisdesign.com\/wp-content\/uploads\/2024\/10\/5870e686-1ce3-4b87-8895-17b291c6fc37-272x300.jpg 272w, https:\/\/yvisdesign.com\/wp-content\/uploads\/2024\/10\/5870e686-1ce3-4b87-8895-17b291c6fc37-928x1024.jpg 928w, https:\/\/yvisdesign.com\/wp-content\/uploads\/2024\/10\/5870e686-1ce3-4b87-8895-17b291c6fc37-768x847.jpg 768w, https:\/\/yvisdesign.com\/wp-content\/uploads\/2024\/10\/5870e686-1ce3-4b87-8895-17b291c6fc37-11x12.jpg 11w, https:\/\/yvisdesign.com\/wp-content\/uploads\/2024\/10\/5870e686-1ce3-4b87-8895-17b291c6fc37-600x662.jpg 600w\" sizes=\"(max-width: 1097px) 100vw, 1097px\" \/>\t\t\t\t\t\t\t\t\t\t\t\t\t<\/div>\n\t\t\t\t<\/div>\n\t\t\t\t\t<\/div>\n\t\t<\/div>\n\t\t\t\t<div class=\"elementor-column elementor-col-66 elementor-top-column elementor-element elementor-element-c0ec26b\" data-id=\"c0ec26b\" data-element_type=\"column\">\n\t\t\t<div class=\"elementor-widget-wrap elementor-element-populated\">\n\t\t\t\t\t\t<div class=\"elementor-element elementor-element-682d5c9 elementor-widget elementor-widget-text-editor\" data-id=\"682d5c9\" data-element_type=\"widget\" data-widget_type=\"text-editor.default\">\n\t\t\t\t<div class=\"elementor-widget-container\">\n\t\t\t\t\t\t\t<p class=\"p1\" style=\"text-align: center;\"><span style=\"font-size: 12pt;\"><span class=\"s1\">Nach meinem Studium habe ich 5 wundervolle S\u00f6hne bekommen, die die gr\u00f6\u00dfte Bereicherung meines Lebens sind.<\/span><\/span><\/p><p>Es ist eine Lebensaufgabe und Challange, aber eines war mir immer wichtig, mit meinen Kindern zu reisen &#8211; und mit ihnen gemeinsam die Welt zu entdecken.<\/p><p>Reisen sind meine Energiequelle und Inspiration. Die vielen Eindr\u00fccke, Erlebnisse und Kulturen haben mich und meine Kinder gepr\u00e4gt und befl\u00fcgelt.<\/p><p>Die damit verbundenen Gef\u00fchle bringe ich in Form meiner Kunstwerke zum Ausdruck.<\/p>\t\t\t\t\t\t<\/div>\n\t\t\t\t<\/div>\n\t\t\t\t\t<\/div>\n\t\t<\/div>\n\t\t\t\t\t<\/div>\n\t\t<\/section>\n\t\t\t\t<section class=\"elementor-section elementor-top-section elementor-element elementor-element-ffcbc4e elementor-section-boxed elementor-section-height-default elementor-section-height-default\" data-id=\"ffcbc4e\" data-element_type=\"section\">\n\t\t\t\t\t\t<div class=\"elementor-container elementor-column-gap-default\">\n\t\t\t\t\t<div class=\"elementor-column elementor-col-66 elementor-top-column elementor-element elementor-element-2d3e942\" data-id=\"2d3e942\" data-element_type=\"column\">\n\t\t\t<div class=\"elementor-widget-wrap elementor-element-populated\">\n\t\t\t\t\t\t<div class=\"elementor-element elementor-element-7be13e6 elementor-widget elementor-widget-text-editor\" data-id=\"7be13e6\" data-element_type=\"widget\" data-widget_type=\"text-editor.default\">\n\t\t\t\t<div class=\"elementor-widget-container\">\n\t\t\t\t\t\t\t<p>Es folgten turbulente Jahre mit einschneidenden Ereignissen, die mich sehr gefordert und geformt haben.<\/p><p>Nie habe ich meine positive Lebenseinstellung und Lebensphilosophie in Frage gestellt. Diese Lebenseinstellung m\u00f6chte ich durch meine Werke weitergeben &#8211; die positive Energie durch Farben, Materialien und Formen zum Ausdruck bringen.<\/p><p>Beim Malen tanke ich Kraft, finde Ruhe und f\u00fchle mich zu Neuem inspiriert. So wird jede Reise zu einem Kapitel in meinem k\u00fcnstlerischen Schaffen, gibt mir das Gef\u00fchl der Freiheit, Freude und innere Ausgeglichenheit.<\/p><p>Die Welt ist mein Atelier und hinterl\u00e4sst seine Spuren in meinen Werken und meinem Leben.<\/p><p>Mit meinen Bildern m\u00f6chte ich Freude und positive Lebensenergie vermitteln.<\/p><p>Jedes Bild erz\u00e4hlt eine ganz pers\u00f6nliche Geschichte.<\/p>\t\t\t\t\t\t<\/div>\n\t\t\t\t<\/div>\n\t\t\t\t\t<\/div>\n\t\t<\/div>\n\t\t\t\t<div class=\"elementor-column elementor-col-33 elementor-top-column elementor-element elementor-element-9565e88\" data-id=\"9565e88\" data-element_type=\"column\">\n\t\t\t<div class=\"elementor-widget-wrap elementor-element-populated\">\n\t\t\t\t\t\t<div class=\"elementor-element elementor-element-f36eec1 elementor-widget elementor-widget-image\" data-id=\"f36eec1\" data-element_type=\"widget\" data-widget_type=\"image.default\">\n\t\t\t\t<div class=\"elementor-widget-container\">\n\t\t\t\t\t\t\t\t\t\t\t\t\t<img decoding=\"async\" width=\"800\" height=\"800\" src=\"https:\/\/yvisdesign.com\/wp-content\/uploads\/2021\/08\/YvisDesign_0112-1024x1024.jpg\" class=\"attachment-large size-large wp-image-4280\" alt=\"\" srcset=\"https:\/\/yvisdesign.com\/wp-content\/uploads\/2021\/08\/YvisDesign_0112-1024x1024.jpg 1024w, https:\/\/yvisdesign.com\/wp-content\/uploads\/2021\/08\/YvisDesign_0112-300x300.jpg 300w, https:\/\/yvisdesign.com\/wp-content\/uploads\/2021\/08\/YvisDesign_0112-150x150.jpg 150w, https:\/\/yvisdesign.com\/wp-content\/uploads\/2021\/08\/YvisDesign_0112-768x768.jpg 768w, https:\/\/yvisdesign.com\/wp-content\/uploads\/2021\/08\/YvisDesign_0112-1536x1536.jpg 1536w, https:\/\/yvisdesign.com\/wp-content\/uploads\/2021\/08\/YvisDesign_0112-500x500.jpg 500w, https:\/\/yvisdesign.com\/wp-content\/uploads\/2021\/08\/YvisDesign_0112-600x600.jpg 600w, https:\/\/yvisdesign.com\/wp-content\/uploads\/2021\/08\/YvisDesign_0112-100x100.jpg 100w, https:\/\/yvisdesign.com\/wp-content\/uploads\/2021\/08\/YvisDesign_0112.jpg 2000w\" sizes=\"(max-width: 800px) 100vw, 800px\" \/>\t\t\t\t\t\t\t\t\t\t\t\t\t<\/div>\n\t\t\t\t<\/div>\n\t\t\t\t\t<\/div>\n\t\t<\/div>\n\t\t\t\t\t<\/div>\n\t\t<\/section>\n\t\t\t\t<\/div>","protected":false},"excerpt":{"rendered":"<p>My Passion Inspiriert werde ich&#8230; &#8230;von meinen Reisen, der Natur, vom Meer und seinen Sch\u00e4tzen&#8230; Seid ich denken kann liebe ich Frben, die vielen Farbfacetten des Lichts und der Natur. Schon w\u00e4hrend meiner Schulzeit habe ich meine Gef\u00fchle und Gedanken in Bildern ausgedr\u00fcckt. Meine Eltern sind immer mit uns gereist und so habe ich bereits [&hellip;]<\/p>","protected":false},"author":2,"featured_media":0,"parent":0,"menu_order":0,"comment_status":"closed","ping_status":"closed","template":"","meta":{"_themeisle_gutenberg_block_has_review":false,"footnotes":""},"jetpack_sharing_enabled":true,"_links":{"self":[{"href":"https:\/\/yvisdesign.com\/es\/wp-json\/wp\/v2\/pages\/59"}],"collection":[{"href":"https:\/\/yvisdesign.com\/es\/wp-json\/wp\/v2\/pages"}],"about":[{"href":"https:\/\/yvisdesign.com\/es\/wp-json\/wp\/v2\/types\/page"}],"author":[{"embeddable":true,"href":"https:\/\/yvisdesign.com\/es\/wp-json\/wp\/v2\/users\/2"}],"replies":[{"embeddable":true,"href":"https:\/\/yvisdesign.com\/es\/wp-json\/wp\/v2\/comments?post=59"}],"version-history":[{"count":159,"href":"https:\/\/yvisdesign.com\/es\/wp-json\/wp\/v2\/pages\/59\/revisions"}],"predecessor-version":[{"id":6702,"href":"https:\/\/yvisdesign.com\/es\/wp-json\/wp\/v2\/pages\/59\/revisions\/6702"}],"wp:attachment":[{"href":"https:\/\/yvisdesign.com\/es\/wp-json\/wp\/v2\/media?parent=59"}],"curies":[{"name":"wp","href":"https:\/\/api.w.org\/{rel}","templated":true}]}}