{"id":1076,"date":"2020-09-03T20:27:04","date_gmt":"2020-09-03T18:27:04","guid":{"rendered":"https:\/\/yvisdesign.com\/?post_type=product&#038;p=1076"},"modified":"2025-11-08T10:54:07","modified_gmt":"2025-11-08T09:54:07","slug":"lavapower","status":"publish","type":"product","link":"https:\/\/yvisdesign.com\/es\/producto\/lavapower\/","title":{"rendered":"Lavapower"},"content":{"rendered":"","protected":false},"excerpt":{"rendered":"<p>Esta hermosa pulsera de lava consta de bolas de lava pulidas redondas de 6 mm de tama\u00f1o, que se enroscan en una banda el\u00e1stica de 0,7 mm de grosor. Es un coraz\u00f3n de 8 mm realizado en plata 925 mate, incorporado. La conclusi\u00f3n es una bola plateada de 4 mm. Cada pieza de joyer\u00eda est\u00e1 dise\u00f1ada con el coraz\u00f3n en mente y hecha a mano con amor.<\/p>","protected":false},"featured_media":1415,"template":"","meta":{"_themeisle_gutenberg_block_has_review":false},"product_cat":[22,205,206],"product_tag":[33,34,58,35],"jetpack_sharing_enabled":true,"_links":{"self":[{"href":"https:\/\/yvisdesign.com\/es\/wp-json\/wp\/v2\/product\/1076"}],"collection":[{"href":"https:\/\/yvisdesign.com\/es\/wp-json\/wp\/v2\/product"}],"about":[{"href":"https:\/\/yvisdesign.com\/es\/wp-json\/wp\/v2\/types\/product"}],"wp:featuredmedia":[{"embeddable":true,"href":"https:\/\/yvisdesign.com\/es\/wp-json\/wp\/v2\/media\/1415"}],"wp:attachment":[{"href":"https:\/\/yvisdesign.com\/es\/wp-json\/wp\/v2\/media?parent=1076"}],"wp:term":[{"taxonomy":"product_cat","embeddable":true,"href":"https:\/\/yvisdesign.com\/es\/wp-json\/wp\/v2\/product_cat?post=1076"},{"taxonomy":"product_tag","embeddable":true,"href":"https:\/\/yvisdesign.com\/es\/wp-json\/wp\/v2\/product_tag?post=1076"}],"curies":[{"name":"wp","href":"https:\/\/api.w.org\/{rel}","templated":true}]}}