{"id":1079,"date":"2020-09-03T18:20:47","date_gmt":"2020-09-03T16:20:47","guid":{"rendered":"https:\/\/yvisdesign.com\/?post_type=product&#038;p=1079"},"modified":"2025-11-08T16:53:24","modified_gmt":"2025-11-08T15:53:24","slug":"herzstueck","status":"publish","type":"product","link":"https:\/\/yvisdesign.com\/es\/producto\/herzstueck\/","title":{"rendered":"Herzst\u00fcck"},"content":{"rendered":"","protected":false},"excerpt":{"rendered":"<p>La pulsera de malaquita consta de bolas de malaquita de 8 mm que se enroscan en una banda el\u00e1stica de 0,7 mm de grosor. En la pulsera se incorporan tres corazones de plata 925 ba\u00f1ada en oro con un tama\u00f1o aproximado de 8 mm. La conclusi\u00f3n es una bola de plata 925 ba\u00f1ada en oro de 4 mm. Cada pieza de joyer\u00eda est\u00e1 dise\u00f1ada con el coraz\u00f3n en mente y hecha a mano con amor.<\/p>","protected":false},"featured_media":1416,"template":"","meta":{"_themeisle_gutenberg_block_has_review":false},"product_cat":[22,205,206],"product_tag":[33,34,58,134],"jetpack_sharing_enabled":true,"_links":{"self":[{"href":"https:\/\/yvisdesign.com\/es\/wp-json\/wp\/v2\/product\/1079"}],"collection":[{"href":"https:\/\/yvisdesign.com\/es\/wp-json\/wp\/v2\/product"}],"about":[{"href":"https:\/\/yvisdesign.com\/es\/wp-json\/wp\/v2\/types\/product"}],"wp:featuredmedia":[{"embeddable":true,"href":"https:\/\/yvisdesign.com\/es\/wp-json\/wp\/v2\/media\/1416"}],"wp:attachment":[{"href":"https:\/\/yvisdesign.com\/es\/wp-json\/wp\/v2\/media?parent=1079"}],"wp:term":[{"taxonomy":"product_cat","embeddable":true,"href":"https:\/\/yvisdesign.com\/es\/wp-json\/wp\/v2\/product_cat?post=1079"},{"taxonomy":"product_tag","embeddable":true,"href":"https:\/\/yvisdesign.com\/es\/wp-json\/wp\/v2\/product_tag?post=1079"}],"curies":[{"name":"wp","href":"https:\/\/api.w.org\/{rel}","templated":true}]}}