{"id":1080,"date":"2020-09-03T18:22:20","date_gmt":"2020-09-03T16:22:20","guid":{"rendered":"https:\/\/yvisdesign.com\/?post_type=product&#038;p=1080"},"modified":"2025-11-08T16:50:15","modified_gmt":"2025-11-08T15:50:15","slug":"tiger-mit-herz","status":"publish","type":"product","link":"https:\/\/yvisdesign.com\/es\/producto\/tiger-mit-herz\/","title":{"rendered":"Tigre con corazon"},"content":{"rendered":"","protected":false},"excerpt":{"rendered":"<p>Esta hermosa pulsera consta de piedras de ojo de tigre facetadas de 6 mm de tama\u00f1o, que est\u00e1n ensartadas en una banda el\u00e1stica de 0,7 mm de grosor. Se incorpora un coraz\u00f3n de 8 mm realizado en plata 925 ba\u00f1ada en oro. La conclusi\u00f3n es una bola de plata ba\u00f1ada en oro de 4 mm. Cada pieza de joyer\u00eda est\u00e1 dise\u00f1ada con el coraz\u00f3n en mente y hecha a mano con amor.<\/p>","protected":false},"featured_media":1395,"template":"","meta":{"_themeisle_gutenberg_block_has_review":false},"product_cat":[22,205,206],"product_tag":[33,34,58,134],"jetpack_sharing_enabled":true,"_links":{"self":[{"href":"https:\/\/yvisdesign.com\/es\/wp-json\/wp\/v2\/product\/1080"}],"collection":[{"href":"https:\/\/yvisdesign.com\/es\/wp-json\/wp\/v2\/product"}],"about":[{"href":"https:\/\/yvisdesign.com\/es\/wp-json\/wp\/v2\/types\/product"}],"wp:featuredmedia":[{"embeddable":true,"href":"https:\/\/yvisdesign.com\/es\/wp-json\/wp\/v2\/media\/1395"}],"wp:attachment":[{"href":"https:\/\/yvisdesign.com\/es\/wp-json\/wp\/v2\/media?parent=1080"}],"wp:term":[{"taxonomy":"product_cat","embeddable":true,"href":"https:\/\/yvisdesign.com\/es\/wp-json\/wp\/v2\/product_cat?post=1080"},{"taxonomy":"product_tag","embeddable":true,"href":"https:\/\/yvisdesign.com\/es\/wp-json\/wp\/v2\/product_tag?post=1080"}],"curies":[{"name":"wp","href":"https:\/\/api.w.org\/{rel}","templated":true}]}}