{"id":1082,"date":"2020-09-03T18:24:27","date_gmt":"2020-09-03T16:24:27","guid":{"rendered":"https:\/\/yvisdesign.com\/?post_type=product&#038;p=1082"},"modified":"2025-11-08T16:23:22","modified_gmt":"2025-11-08T15:23:22","slug":"oceandreams","status":"publish","type":"product","link":"https:\/\/yvisdesign.com\/es\/producto\/oceandreams\/","title":{"rendered":"Oceandreams"},"content":{"rendered":"","protected":false},"excerpt":{"rendered":"<p>La pulsera Amazonita consta de bolas Amazonia grandes de 4 mm. Adem\u00e1s, se incorpora una estrella de mar de plata 925 ba\u00f1ada en oro. La pulsera est\u00e1 enhebrada en una banda el\u00e1stica de 0,7 mm de grosor y el extremo est\u00e1 formado por una bola de plata ba\u00f1ada en oro de 4 mm. Cada pulsera est\u00e1 dise\u00f1ada con el coraz\u00f3n en mente y hecha a mano con amor.<\/p>","protected":false},"featured_media":1398,"template":"","meta":{"_themeisle_gutenberg_block_has_review":false},"product_cat":[22,205,206],"product_tag":[33,34,58,134],"jetpack_sharing_enabled":true,"_links":{"self":[{"href":"https:\/\/yvisdesign.com\/es\/wp-json\/wp\/v2\/product\/1082"}],"collection":[{"href":"https:\/\/yvisdesign.com\/es\/wp-json\/wp\/v2\/product"}],"about":[{"href":"https:\/\/yvisdesign.com\/es\/wp-json\/wp\/v2\/types\/product"}],"wp:featuredmedia":[{"embeddable":true,"href":"https:\/\/yvisdesign.com\/es\/wp-json\/wp\/v2\/media\/1398"}],"wp:attachment":[{"href":"https:\/\/yvisdesign.com\/es\/wp-json\/wp\/v2\/media?parent=1082"}],"wp:term":[{"taxonomy":"product_cat","embeddable":true,"href":"https:\/\/yvisdesign.com\/es\/wp-json\/wp\/v2\/product_cat?post=1082"},{"taxonomy":"product_tag","embeddable":true,"href":"https:\/\/yvisdesign.com\/es\/wp-json\/wp\/v2\/product_tag?post=1082"}],"curies":[{"name":"wp","href":"https:\/\/api.w.org\/{rel}","templated":true}]}}