{"id":1083,"date":"2020-08-24T22:46:36","date_gmt":"2020-08-24T20:46:36","guid":{"rendered":"https:\/\/yvisdesign.com\/?post_type=product&#038;p=1083"},"modified":"2025-11-08T16:41:14","modified_gmt":"2025-11-08T15:41:14","slug":"amethyst-mit-herz","status":"publish","type":"product","link":"https:\/\/yvisdesign.com\/es\/producto\/amethyst-mit-herz\/","title":{"rendered":"Amethyst mit Herz"},"content":{"rendered":"","protected":false},"excerpt":{"rendered":"<p>Esta hermosa pulsera consta de bolas de amatista facetadas de 6 mm de largo, que se enroscan en una banda el\u00e1stica de 0,7 mm de grosor. Hay tres corazones incorporados. Cada uno tiene una dimensi\u00f3n de 8 mm y est\u00e1 hecho de plata mate 925. Adem\u00e1s, se incorpora una bola plateada de 4 mm. Cada pieza de joyer\u00eda est\u00e1 dise\u00f1ada con el coraz\u00f3n en mente y hecha a mano con amor.<\/p>","protected":false},"featured_media":1594,"template":"","meta":{"_themeisle_gutenberg_block_has_review":false},"product_cat":[22,205,206],"product_tag":[33,34,58,35],"jetpack_sharing_enabled":true,"_links":{"self":[{"href":"https:\/\/yvisdesign.com\/es\/wp-json\/wp\/v2\/product\/1083"}],"collection":[{"href":"https:\/\/yvisdesign.com\/es\/wp-json\/wp\/v2\/product"}],"about":[{"href":"https:\/\/yvisdesign.com\/es\/wp-json\/wp\/v2\/types\/product"}],"wp:featuredmedia":[{"embeddable":true,"href":"https:\/\/yvisdesign.com\/es\/wp-json\/wp\/v2\/media\/1594"}],"wp:attachment":[{"href":"https:\/\/yvisdesign.com\/es\/wp-json\/wp\/v2\/media?parent=1083"}],"wp:term":[{"taxonomy":"product_cat","embeddable":true,"href":"https:\/\/yvisdesign.com\/es\/wp-json\/wp\/v2\/product_cat?post=1083"},{"taxonomy":"product_tag","embeddable":true,"href":"https:\/\/yvisdesign.com\/es\/wp-json\/wp\/v2\/product_tag?post=1083"}],"curies":[{"name":"wp","href":"https:\/\/api.w.org\/{rel}","templated":true}]}}