{"id":1084,"date":"2020-09-03T20:32:06","date_gmt":"2020-09-03T18:32:06","guid":{"rendered":"https:\/\/yvisdesign.com\/?post_type=product&#038;p=1084"},"modified":"2025-11-08T16:21:27","modified_gmt":"2025-11-08T15:21:27","slug":"seastar","status":"publish","type":"product","link":"https:\/\/yvisdesign.com\/es\/producto\/seastar\/","title":{"rendered":"Seastar"},"content":{"rendered":"","protected":false},"excerpt":{"rendered":"<p>La pulsera de lapisl\u00e1zuli consta de piedras de lapisl\u00e1zuli facetadas de 4 mm. En la pulsera se incorpora una estrella de mar grande de 17 mm de plata 925. La pulsera est\u00e1 enhebrada en una banda el\u00e1stica de 0,7 mm de grosor y el extremo est\u00e1 formado por una bola de plata de 4 mm. Cada pieza de joyer\u00eda est\u00e1 dise\u00f1ada con el coraz\u00f3n en mente y hecha a mano con amor.<\/p>","protected":false},"featured_media":1596,"template":"","meta":{"_themeisle_gutenberg_block_has_review":false},"product_cat":[22,205,206],"product_tag":[33,34,58,35],"jetpack_sharing_enabled":true,"_links":{"self":[{"href":"https:\/\/yvisdesign.com\/es\/wp-json\/wp\/v2\/product\/1084"}],"collection":[{"href":"https:\/\/yvisdesign.com\/es\/wp-json\/wp\/v2\/product"}],"about":[{"href":"https:\/\/yvisdesign.com\/es\/wp-json\/wp\/v2\/types\/product"}],"wp:featuredmedia":[{"embeddable":true,"href":"https:\/\/yvisdesign.com\/es\/wp-json\/wp\/v2\/media\/1596"}],"wp:attachment":[{"href":"https:\/\/yvisdesign.com\/es\/wp-json\/wp\/v2\/media?parent=1084"}],"wp:term":[{"taxonomy":"product_cat","embeddable":true,"href":"https:\/\/yvisdesign.com\/es\/wp-json\/wp\/v2\/product_cat?post=1084"},{"taxonomy":"product_tag","embeddable":true,"href":"https:\/\/yvisdesign.com\/es\/wp-json\/wp\/v2\/product_tag?post=1084"}],"curies":[{"name":"wp","href":"https:\/\/api.w.org\/{rel}","templated":true}]}}