{"id":1085,"date":"2020-09-03T20:37:18","date_gmt":"2020-09-03T18:37:18","guid":{"rendered":"https:\/\/yvisdesign.com\/?post_type=product&#038;p=1085"},"modified":"2025-11-08T16:17:39","modified_gmt":"2025-11-08T15:17:39","slug":"innere-ruhe","status":"publish","type":"product","link":"https:\/\/yvisdesign.com\/es\/producto\/innere-ruhe\/","title":{"rendered":"Innere Ruhe"},"content":{"rendered":"","protected":false},"excerpt":{"rendered":"<p>Esta hermosa pulsera de lapisl\u00e1zuli consta de bolas redondas de lapisl\u00e1zuli de 6 mm de tama\u00f1o, que se ensartan en una banda el\u00e1stica de 0,7 mm de grosor. Es un coraz\u00f3n de 8 mm realizado en plata 925 mate, incorporado. La conclusi\u00f3n es una bola plateada de 4 mm. Cada pieza de joyer\u00eda est\u00e1 dise\u00f1ada con el coraz\u00f3n en mente y hecha a mano con amor.<\/p>","protected":false},"featured_media":1597,"template":"","meta":{"_themeisle_gutenberg_block_has_review":false},"product_cat":[22,205,206],"product_tag":[33,34,58,35],"jetpack_sharing_enabled":true,"_links":{"self":[{"href":"https:\/\/yvisdesign.com\/es\/wp-json\/wp\/v2\/product\/1085"}],"collection":[{"href":"https:\/\/yvisdesign.com\/es\/wp-json\/wp\/v2\/product"}],"about":[{"href":"https:\/\/yvisdesign.com\/es\/wp-json\/wp\/v2\/types\/product"}],"wp:featuredmedia":[{"embeddable":true,"href":"https:\/\/yvisdesign.com\/es\/wp-json\/wp\/v2\/media\/1597"}],"wp:attachment":[{"href":"https:\/\/yvisdesign.com\/es\/wp-json\/wp\/v2\/media?parent=1085"}],"wp:term":[{"taxonomy":"product_cat","embeddable":true,"href":"https:\/\/yvisdesign.com\/es\/wp-json\/wp\/v2\/product_cat?post=1085"},{"taxonomy":"product_tag","embeddable":true,"href":"https:\/\/yvisdesign.com\/es\/wp-json\/wp\/v2\/product_tag?post=1085"}],"curies":[{"name":"wp","href":"https:\/\/api.w.org\/{rel}","templated":true}]}}