{"id":1088,"date":"2020-08-22T14:47:21","date_gmt":"2020-08-22T12:47:21","guid":{"rendered":"https:\/\/yvisdesign.com\/?post_type=product&#038;p=1088"},"modified":"2025-11-10T00:07:19","modified_gmt":"2025-11-09T23:07:19","slug":"schutzengel","status":"publish","type":"product","link":"https:\/\/yvisdesign.com\/es\/producto\/schutzengel\/","title":{"rendered":"\u00c1ngel guardian"},"content":{"rendered":"","protected":false},"excerpt":{"rendered":"<p>Esta hermosa pulsera de \u00e1ngel de la guarda consta de bolas de \u00f3nix facetadas de 6 mm de tama\u00f1o, que se enroscan en una banda el\u00e1stica de 0,7 mm de grosor. Se incorpora un ala de \u00e1ngel. Tiene un tama\u00f1o de 20 x 7 mm y est\u00e1 hecho de plata brillante 925. Cada pieza de joyer\u00eda est\u00e1 dise\u00f1ada con el coraz\u00f3n en mente y hecha a mano con amor<\/p>","protected":false},"featured_media":1378,"template":"","meta":{"_themeisle_gutenberg_block_has_review":false},"product_cat":[21,32],"product_tag":[33,37,35],"jetpack_sharing_enabled":true,"_links":{"self":[{"href":"https:\/\/yvisdesign.com\/es\/wp-json\/wp\/v2\/product\/1088"}],"collection":[{"href":"https:\/\/yvisdesign.com\/es\/wp-json\/wp\/v2\/product"}],"about":[{"href":"https:\/\/yvisdesign.com\/es\/wp-json\/wp\/v2\/types\/product"}],"wp:featuredmedia":[{"embeddable":true,"href":"https:\/\/yvisdesign.com\/es\/wp-json\/wp\/v2\/media\/1378"}],"wp:attachment":[{"href":"https:\/\/yvisdesign.com\/es\/wp-json\/wp\/v2\/media?parent=1088"}],"wp:term":[{"taxonomy":"product_cat","embeddable":true,"href":"https:\/\/yvisdesign.com\/es\/wp-json\/wp\/v2\/product_cat?post=1088"},{"taxonomy":"product_tag","embeddable":true,"href":"https:\/\/yvisdesign.com\/es\/wp-json\/wp\/v2\/product_tag?post=1088"}],"curies":[{"name":"wp","href":"https:\/\/api.w.org\/{rel}","templated":true}]}}