{"id":1091,"date":"2020-08-31T22:24:27","date_gmt":"2020-08-31T20:24:27","guid":{"rendered":"https:\/\/yvisdesign.com\/?post_type=product&#038;p=1091"},"modified":"2025-11-10T00:08:23","modified_gmt":"2025-11-09T23:08:23","slug":"yin-yang","status":"publish","type":"product","link":"https:\/\/yvisdesign.com\/es\/producto\/yin-yang\/","title":{"rendered":"Yin &#038; Yang"},"content":{"rendered":"","protected":false},"excerpt":{"rendered":"<p>Esta hermosa pulsera de lava consta de bolas de lava grandes de 6 mm, que se enroscan en una banda el\u00e1stica de 0,7 mm de grosor. Se incorpora el signo Yin y Yang. Tiene 10 mm de alto y est\u00e1 hecho de plata brillante 925. Cada pieza de joyer\u00eda est\u00e1 dise\u00f1ada con el coraz\u00f3n en mente y hecha a mano con amor.<\/p>","protected":false},"featured_media":1324,"template":"","meta":{"_themeisle_gutenberg_block_has_review":false},"product_cat":[21,32],"product_tag":[33,37,35],"jetpack_sharing_enabled":true,"_links":{"self":[{"href":"https:\/\/yvisdesign.com\/es\/wp-json\/wp\/v2\/product\/1091"}],"collection":[{"href":"https:\/\/yvisdesign.com\/es\/wp-json\/wp\/v2\/product"}],"about":[{"href":"https:\/\/yvisdesign.com\/es\/wp-json\/wp\/v2\/types\/product"}],"wp:featuredmedia":[{"embeddable":true,"href":"https:\/\/yvisdesign.com\/es\/wp-json\/wp\/v2\/media\/1324"}],"wp:attachment":[{"href":"https:\/\/yvisdesign.com\/es\/wp-json\/wp\/v2\/media?parent=1091"}],"wp:term":[{"taxonomy":"product_cat","embeddable":true,"href":"https:\/\/yvisdesign.com\/es\/wp-json\/wp\/v2\/product_cat?post=1091"},{"taxonomy":"product_tag","embeddable":true,"href":"https:\/\/yvisdesign.com\/es\/wp-json\/wp\/v2\/product_tag?post=1091"}],"curies":[{"name":"wp","href":"https:\/\/api.w.org\/{rel}","templated":true}]}}