{"id":1100,"date":"2020-09-03T18:25:18","date_gmt":"2020-09-03T16:25:18","guid":{"rendered":"https:\/\/yvisdesign.com\/?post_type=product&#038;p=1100"},"modified":"2025-11-08T16:51:45","modified_gmt":"2025-11-08T15:51:45","slug":"purple-wing","status":"publish","type":"product","link":"https:\/\/yvisdesign.com\/es\/producto\/purple-wing\/","title":{"rendered":"Purple Wing"},"content":{"rendered":"","protected":false},"excerpt":{"rendered":"<p>Esta hermosa pulsera de \u00e1ngel de la guarda consta de bolas de amatista facetadas de 6 mm de tama\u00f1o, que se ensartan en una banda el\u00e1stica de 0,7 mm de grosor. Se incorpora un ala de \u00e1ngel. Tiene una dimensi\u00f3n de 32 x 16 mm y consta de plata brillante 925. Adem\u00e1s, se incorporan bolas plateadas de 4 mm de gran tama\u00f1o. Cada pieza de joyer\u00eda est\u00e1 dise\u00f1ada con el coraz\u00f3n en mente y hecha a mano con amor.<\/p>","protected":false},"featured_media":1427,"template":"","meta":{"_themeisle_gutenberg_block_has_review":false},"product_cat":[22,205,206],"product_tag":[33,34,58,35],"jetpack_sharing_enabled":true,"_links":{"self":[{"href":"https:\/\/yvisdesign.com\/es\/wp-json\/wp\/v2\/product\/1100"}],"collection":[{"href":"https:\/\/yvisdesign.com\/es\/wp-json\/wp\/v2\/product"}],"about":[{"href":"https:\/\/yvisdesign.com\/es\/wp-json\/wp\/v2\/types\/product"}],"wp:featuredmedia":[{"embeddable":true,"href":"https:\/\/yvisdesign.com\/es\/wp-json\/wp\/v2\/media\/1427"}],"wp:attachment":[{"href":"https:\/\/yvisdesign.com\/es\/wp-json\/wp\/v2\/media?parent=1100"}],"wp:term":[{"taxonomy":"product_cat","embeddable":true,"href":"https:\/\/yvisdesign.com\/es\/wp-json\/wp\/v2\/product_cat?post=1100"},{"taxonomy":"product_tag","embeddable":true,"href":"https:\/\/yvisdesign.com\/es\/wp-json\/wp\/v2\/product_tag?post=1100"}],"curies":[{"name":"wp","href":"https:\/\/api.w.org\/{rel}","templated":true}]}}