{"id":1103,"date":"2020-09-03T20:39:18","date_gmt":"2020-09-03T18:39:18","guid":{"rendered":"https:\/\/yvisdesign.com\/?post_type=product&#038;p=1103"},"modified":"2025-11-08T16:33:26","modified_gmt":"2025-11-08T15:33:26","slug":"lebenslust","status":"publish","type":"product","link":"https:\/\/yvisdesign.com\/es\/producto\/lebenslust\/","title":{"rendered":"Enjoyment of life"},"content":{"rendered":"","protected":false},"excerpt":{"rendered":"<p>La pulsera consta de piedras heliotropo facetadas con un tama\u00f1o de aproximadamente 4 mm. En la pulsera se incorporan 5 perlas cultivadas de agua dulce de color rosa con un tama\u00f1o de aproximadamente 7 mm. La pulsera est\u00e1 enhebrada en una cinta, que consta de 49 hilos de acero de primera calidad cubiertos con nailon. Esto asegura un nivel muy alto de durabilidad y, por lo tanto, resistencia al desgarro. Un broche de langosta de plata forma el final. Cada pieza de joyer\u00eda est\u00e1 dise\u00f1ada con el coraz\u00f3n en mente y hecha a mano con amor.<\/p>","protected":false},"featured_media":1601,"template":"","meta":{"_themeisle_gutenberg_block_has_review":false},"product_cat":[22,205,206],"product_tag":[33,34,58,35],"jetpack_sharing_enabled":true,"_links":{"self":[{"href":"https:\/\/yvisdesign.com\/es\/wp-json\/wp\/v2\/product\/1103"}],"collection":[{"href":"https:\/\/yvisdesign.com\/es\/wp-json\/wp\/v2\/product"}],"about":[{"href":"https:\/\/yvisdesign.com\/es\/wp-json\/wp\/v2\/types\/product"}],"wp:featuredmedia":[{"embeddable":true,"href":"https:\/\/yvisdesign.com\/es\/wp-json\/wp\/v2\/media\/1601"}],"wp:attachment":[{"href":"https:\/\/yvisdesign.com\/es\/wp-json\/wp\/v2\/media?parent=1103"}],"wp:term":[{"taxonomy":"product_cat","embeddable":true,"href":"https:\/\/yvisdesign.com\/es\/wp-json\/wp\/v2\/product_cat?post=1103"},{"taxonomy":"product_tag","embeddable":true,"href":"https:\/\/yvisdesign.com\/es\/wp-json\/wp\/v2\/product_tag?post=1103"}],"curies":[{"name":"wp","href":"https:\/\/api.w.org\/{rel}","templated":true}]}}