{"id":1108,"date":"2020-09-03T20:39:56","date_gmt":"2020-09-03T18:39:56","guid":{"rendered":"https:\/\/yvisdesign.com\/?post_type=product&#038;p=1108"},"modified":"2021-09-15T16:35:27","modified_gmt":"2021-09-15T14:35:27","slug":"perlenkomposition","status":"publish","type":"product","link":"https:\/\/yvisdesign.com\/es\/producto\/perlenkomposition\/","title":{"rendered":"Perlenkomposition"},"content":{"rendered":"","protected":false},"excerpt":{"rendered":"<p>La pulsera es una composici\u00f3n de perlas cultivadas de agua dulce de color rosa y petr\u00f3leo. Esta pulsera de perlas especial mide aproximadamente 19 cm de largo y consta de perlas cultivadas de agua dulce de color rosa, grandes de 6-7 mm, que se alternan con perlas cultivadas de agua dulce de color petr\u00f3leo, grandes de 7-8 mm, que brillan muy bien. La pulsera est\u00e1 enhebrada en una cinta, que consta de 49 hilos de acero de primera calidad cubiertos con nailon. Esto asegura un nivel muy alto de durabilidad y, por lo tanto, resistencia al desgarro. Un broche de langosta de plata forma el final. Cada pieza de joyer\u00eda est\u00e1 dise\u00f1ada con el coraz\u00f3n en mente y hecha a mano con amor.<\/p>","protected":false},"featured_media":1602,"template":"","meta":{"_themeisle_gutenberg_block_has_review":false},"product_cat":[22,30],"product_tag":[33,34,58,209,35],"jetpack_sharing_enabled":true,"_links":{"self":[{"href":"https:\/\/yvisdesign.com\/es\/wp-json\/wp\/v2\/product\/1108"}],"collection":[{"href":"https:\/\/yvisdesign.com\/es\/wp-json\/wp\/v2\/product"}],"about":[{"href":"https:\/\/yvisdesign.com\/es\/wp-json\/wp\/v2\/types\/product"}],"wp:featuredmedia":[{"embeddable":true,"href":"https:\/\/yvisdesign.com\/es\/wp-json\/wp\/v2\/media\/1602"}],"wp:attachment":[{"href":"https:\/\/yvisdesign.com\/es\/wp-json\/wp\/v2\/media?parent=1108"}],"wp:term":[{"taxonomy":"product_cat","embeddable":true,"href":"https:\/\/yvisdesign.com\/es\/wp-json\/wp\/v2\/product_cat?post=1108"},{"taxonomy":"product_tag","embeddable":true,"href":"https:\/\/yvisdesign.com\/es\/wp-json\/wp\/v2\/product_tag?post=1108"}],"curies":[{"name":"wp","href":"https:\/\/api.w.org\/{rel}","templated":true}]}}